{"id":26204,"date":"2023-10-23T19:12:19","date_gmt":"2023-10-23T17:12:19","guid":{"rendered":"https:\/\/www.miravila.com\/product\/staklo-staklo-sto-splaca-3-h-201712cm-2\/"},"modified":"2024-12-05T12:09:23","modified_gmt":"2024-12-05T11:09:23","slug":"staklo-staklo-sto-splaca-3-h-201712cm-2","status":"publish","type":"product","link":"https:\/\/www.miravila.com\/hr\/staklo-staklo-sto-splaca-3-h-201712cm-2\/","title":{"rendered":"STAKLO STAKLO \u0160TO \u0160PLACA 3 (H-20+17+12CM)"},"content":{"rendered":"","protected":false},"excerpt":{"rendered":"<p>Set stakla \u0161e\u0107erne \u0161ipke sadr\u017ei 3 prekrasne \u0161ipke razli\u010ditih veli\u010dina (20 cm, 17 cm, 12 cm). Kompletni ukras za bo\u017ei\u0107no drvce ili stol.<\/p>\n","protected":false},"featured_media":25515,"comment_status":"closed","ping_status":"open","template":"","meta":[],"product_brand":[],"product_cat":[2018,3676],"product_tag":[],"class_list":{"0":"post-26204","1":"product","2":"type-product","3":"status-publish","4":"has-post-thumbnail","6":"product_cat-bozic","7":"product_cat-novogodisnji-ukrasi","8":"pa_material-staklo","9":"pa_visina-12-2","11":"first","12":"outofstock","13":"taxable","14":"shipping-taxable","15":"purchasable","16":"product-type-simple"},"_links":{"self":[{"href":"https:\/\/www.miravila.com\/hr\/wp-json\/wp\/v2\/product\/26204","targetHints":{"allow":["GET"]}}],"collection":[{"href":"https:\/\/www.miravila.com\/hr\/wp-json\/wp\/v2\/product"}],"about":[{"href":"https:\/\/www.miravila.com\/hr\/wp-json\/wp\/v2\/types\/product"}],"replies":[{"embeddable":true,"href":"https:\/\/www.miravila.com\/hr\/wp-json\/wp\/v2\/comments?post=26204"}],"wp:featuredmedia":[{"embeddable":true,"href":"https:\/\/www.miravila.com\/hr\/wp-json\/wp\/v2\/media\/25515"}],"wp:attachment":[{"href":"https:\/\/www.miravila.com\/hr\/wp-json\/wp\/v2\/media?parent=26204"}],"wp:term":[{"taxonomy":"product_brand","embeddable":true,"href":"https:\/\/www.miravila.com\/hr\/wp-json\/wp\/v2\/product_brand?post=26204"},{"taxonomy":"product_cat","embeddable":true,"href":"https:\/\/www.miravila.com\/hr\/wp-json\/wp\/v2\/product_cat?post=26204"},{"taxonomy":"product_tag","embeddable":true,"href":"https:\/\/www.miravila.com\/hr\/wp-json\/wp\/v2\/product_tag?post=26204"}],"curies":[{"name":"wp","href":"https:\/\/api.w.org\/{rel}","templated":true}]}}