{"id":26203,"date":"2023-10-23T19:12:19","date_gmt":"2023-10-23T17:12:19","guid":{"rendered":"https:\/\/www.miravila.com\/product\/staklo-staklo-sto-splaca-3-h-201712cm\/"},"modified":"2024-12-05T12:09:22","modified_gmt":"2024-12-05T11:09:22","slug":"staklo-staklo-sto-splaca-3-h-201712cm","status":"publish","type":"product","link":"https:\/\/www.miravila.com\/hr\/staklo-staklo-sto-splaca-3-h-201712cm\/","title":{"rendered":"STAKLO STAKLO \u0160TO \u0160PLACA 3 (H-20+17+12CM)"},"content":{"rendered":"<p>Novogodi\u0161nji ukras u ru\u017ei\u010dastoj boji u obliku \u0161e\u0107ernih \u0161tapova.<\/p>\n<hr>\n<p> <H5> Materijal: <\/h5>\n<p> Staklo<br \/>\n<br \/> <H5> Dimenzija: <\/h5>\n<p> 20cm<\/p>\n","protected":false},"excerpt":{"rendered":"<p>Set stakla za \u0161e\u0107erne \u0161tapi\u0107e sadr\u017ei 3 razli\u010dite \u0161ipke (20 cm, 17 cm, 12 cm) i odli\u010dan je proizvod za ukra\u0161avanje bo\u017ei\u0107nog drvca. Napravljeni od kvalitetnog stakla, ovi \u0161tapi\u0107i za \u0161e\u0107er dodat \u0107e vam prazni\u010dni sjaj va\u0161em domu. Savr\u0161en izbor za stvaranje \u010darobne atmosfere tijekom bo\u017ei\u0107nih praznika.<\/p>\n","protected":false},"featured_media":24978,"comment_status":"closed","ping_status":"open","template":"","meta":[],"product_brand":[],"product_cat":[2018,3676],"product_tag":[],"class_list":{"0":"post-26203","1":"product","2":"type-product","3":"status-publish","4":"has-post-thumbnail","6":"product_cat-bozic","7":"product_cat-novogodisnji-ukrasi","8":"pa_material-staklo","9":"pa_visina-2441","11":"first","12":"outofstock","13":"taxable","14":"shipping-taxable","15":"purchasable","16":"product-type-simple"},"_links":{"self":[{"href":"https:\/\/www.miravila.com\/hr\/wp-json\/wp\/v2\/product\/26203","targetHints":{"allow":["GET"]}}],"collection":[{"href":"https:\/\/www.miravila.com\/hr\/wp-json\/wp\/v2\/product"}],"about":[{"href":"https:\/\/www.miravila.com\/hr\/wp-json\/wp\/v2\/types\/product"}],"replies":[{"embeddable":true,"href":"https:\/\/www.miravila.com\/hr\/wp-json\/wp\/v2\/comments?post=26203"}],"wp:featuredmedia":[{"embeddable":true,"href":"https:\/\/www.miravila.com\/hr\/wp-json\/wp\/v2\/media\/24978"}],"wp:attachment":[{"href":"https:\/\/www.miravila.com\/hr\/wp-json\/wp\/v2\/media?parent=26203"}],"wp:term":[{"taxonomy":"product_brand","embeddable":true,"href":"https:\/\/www.miravila.com\/hr\/wp-json\/wp\/v2\/product_brand?post=26203"},{"taxonomy":"product_cat","embeddable":true,"href":"https:\/\/www.miravila.com\/hr\/wp-json\/wp\/v2\/product_cat?post=26203"},{"taxonomy":"product_tag","embeddable":true,"href":"https:\/\/www.miravila.com\/hr\/wp-json\/wp\/v2\/product_tag?post=26203"}],"curies":[{"name":"wp","href":"https:\/\/api.w.org\/{rel}","templated":true}]}}