{"id":26200,"date":"2023-10-23T19:12:19","date_gmt":"2023-10-23T17:12:19","guid":{"rendered":"https:\/\/www.miravila.com\/product\/privjesak-staklo-djed-mraz-santa-h-13-cm\/"},"modified":"2026-01-15T02:13:16","modified_gmt":"2026-01-15T01:13:16","slug":"privjesak-staklo-djed-mraz-santa-h-13-cm","status":"publish","type":"product","link":"https:\/\/www.miravila.com\/hr\/privjesak-staklo-djed-mraz-santa-h-13-cm\/","title":{"rendered":"Privjesak Staklo Djed Mraz Santa H-13 cm"},"content":{"rendered":"<p>Novogodi\u0161nji ukras detaljne bo\u017ei\u0107ne glave s bradom.<\/p>\n<hr>\n<p> <H5> Materijal: <\/h5>\n<p> Staklo<br \/>\n<br \/> <H5> Dimenzija: <\/h5>\n<p> 13cm<\/p>\n","protected":false},"excerpt":{"rendered":"<p>Ovaj prekrasni stakleni privjesak prikazuje Djeda Mraza i visok je 13 cm. Savr\u0161en dodatak va\u0161em bo\u017ei\u0107nom drvcu.<\/p>\n","protected":false},"featured_media":24887,"comment_status":"closed","ping_status":"open","template":"","meta":[],"product_brand":[],"product_cat":[2018,3676],"product_tag":[],"class_list":{"0":"post-26200","1":"product","2":"type-product","3":"status-publish","4":"has-post-thumbnail","6":"product_cat-bozic","7":"product_cat-novogodisnji-ukrasi","8":"pa_material-staklo","9":"pa_visina-2477","11":"first","12":"instock","13":"taxable","14":"shipping-taxable","15":"purchasable","16":"product-type-simple"},"_links":{"self":[{"href":"https:\/\/www.miravila.com\/hr\/wp-json\/wp\/v2\/product\/26200","targetHints":{"allow":["GET"]}}],"collection":[{"href":"https:\/\/www.miravila.com\/hr\/wp-json\/wp\/v2\/product"}],"about":[{"href":"https:\/\/www.miravila.com\/hr\/wp-json\/wp\/v2\/types\/product"}],"replies":[{"embeddable":true,"href":"https:\/\/www.miravila.com\/hr\/wp-json\/wp\/v2\/comments?post=26200"}],"wp:featuredmedia":[{"embeddable":true,"href":"https:\/\/www.miravila.com\/hr\/wp-json\/wp\/v2\/media\/24887"}],"wp:attachment":[{"href":"https:\/\/www.miravila.com\/hr\/wp-json\/wp\/v2\/media?parent=26200"}],"wp:term":[{"taxonomy":"product_brand","embeddable":true,"href":"https:\/\/www.miravila.com\/hr\/wp-json\/wp\/v2\/product_brand?post=26200"},{"taxonomy":"product_cat","embeddable":true,"href":"https:\/\/www.miravila.com\/hr\/wp-json\/wp\/v2\/product_cat?post=26200"},{"taxonomy":"product_tag","embeddable":true,"href":"https:\/\/www.miravila.com\/hr\/wp-json\/wp\/v2\/product_tag?post=26200"}],"curies":[{"name":"wp","href":"https:\/\/api.w.org\/{rel}","templated":true}]}}