{"id":26193,"date":"2023-10-23T19:12:09","date_gmt":"2023-10-23T17:12:09","guid":{"rendered":"https:\/\/www.miravila.com\/product\/sadrzaj-stakla-za-dekor-h-13-d-8-cm-zlato\/"},"modified":"2024-12-05T12:09:02","modified_gmt":"2024-12-05T11:09:02","slug":"sadrzaj-stakla-za-dekor-h-13-d-8-cm-zlato","status":"publish","type":"product","link":"https:\/\/www.miravila.com\/hr\/sadrzaj-stakla-za-dekor-h-13-d-8-cm-zlato\/","title":{"rendered":"Sadr\u017eaj stakla za dekor. H-13, D-8 cm zlato"},"content":{"rendered":"<p>Novogodi\u0161nji ukras<\/p>\n<hr>\n<p> <H5> MATERIJAL: <\/h5>\n<p> <H5> Dimenzija: <\/h5>\n<p> 8cm<\/p>\n","protected":false},"excerpt":{"rendered":"<p>Staklo ukrasno jaje sa zlatnim premazom. Dimenzije: visina 13 cm, promjer 8 cm. Savr\u0161en proizvod za bo\u017ei\u0107ni ukras.<\/p>\n","protected":false},"featured_media":25569,"comment_status":"closed","ping_status":"open","template":"","meta":[],"product_brand":[],"product_cat":[2018,3676],"product_tag":[],"class_list":{"0":"post-26193","1":"product","2":"type-product","3":"status-publish","4":"has-post-thumbnail","6":"product_cat-bozic","7":"product_cat-novogodisnji-ukrasi","8":"pa_barva-zlatna","9":"pa_material-staklo","10":"pa_visina-2477","12":"first","13":"outofstock","14":"taxable","15":"shipping-taxable","16":"purchasable","17":"product-type-simple"},"_links":{"self":[{"href":"https:\/\/www.miravila.com\/hr\/wp-json\/wp\/v2\/product\/26193","targetHints":{"allow":["GET"]}}],"collection":[{"href":"https:\/\/www.miravila.com\/hr\/wp-json\/wp\/v2\/product"}],"about":[{"href":"https:\/\/www.miravila.com\/hr\/wp-json\/wp\/v2\/types\/product"}],"replies":[{"embeddable":true,"href":"https:\/\/www.miravila.com\/hr\/wp-json\/wp\/v2\/comments?post=26193"}],"wp:featuredmedia":[{"embeddable":true,"href":"https:\/\/www.miravila.com\/hr\/wp-json\/wp\/v2\/media\/25569"}],"wp:attachment":[{"href":"https:\/\/www.miravila.com\/hr\/wp-json\/wp\/v2\/media?parent=26193"}],"wp:term":[{"taxonomy":"product_brand","embeddable":true,"href":"https:\/\/www.miravila.com\/hr\/wp-json\/wp\/v2\/product_brand?post=26193"},{"taxonomy":"product_cat","embeddable":true,"href":"https:\/\/www.miravila.com\/hr\/wp-json\/wp\/v2\/product_cat?post=26193"},{"taxonomy":"product_tag","embeddable":true,"href":"https:\/\/www.miravila.com\/hr\/wp-json\/wp\/v2\/product_tag?post=26193"}],"curies":[{"name":"wp","href":"https:\/\/api.w.org\/{rel}","templated":true}]}}