{"id":26192,"date":"2023-10-23T19:12:09","date_gmt":"2023-10-23T17:12:09","guid":{"rendered":"https:\/\/www.miravila.com\/product\/kugla-staklo-d-mraz-barsun-kapica-h-20-cm-x1\/"},"modified":"2024-12-05T12:08:50","modified_gmt":"2024-12-05T11:08:50","slug":"kugla-staklo-d-mraz-barsun-kapica-h-20-cm-x1","status":"publish","type":"product","link":"https:\/\/www.miravila.com\/hr\/kugla-staklo-d-mraz-barsun-kapica-h-20-cm-x1\/","title":{"rendered":"Kugla staklo d.mraz bar\u0161un kapica h-20 cm x1"},"content":{"rendered":"<p>Novogodi\u0161nji ukras na slici Djeda Mraza s bar\u0161unastim poklopcem.<\/p>\n<hr>\n<p> <H5> Materijal: <\/h5>\n<p> Staklo<br \/>\n<br \/> <H5> Dimenzija: <\/h5>\n<p> 20cm<\/p>\n","protected":false},"excerpt":{"rendered":"<p>Ovaj bo\u017ei\u0107ni proizvod savr\u0161en je ukras za va\u0161u FIR! Staklena kugla ima djeda hladnog motiva i ukra\u0161ena je bar\u0161unastom poklopcem. Veli\u010dina lopte je 20 cm. Uz ovaj prekrasan ukras, va\u0161a \u0107e se FIR -a definitivno istaknuti me\u0111u ostalim!<\/p>\n","protected":false},"featured_media":24984,"comment_status":"closed","ping_status":"open","template":"","meta":[],"product_brand":[],"product_cat":[2018,3676],"product_tag":[],"class_list":{"0":"post-26192","1":"product","2":"type-product","3":"status-publish","4":"has-post-thumbnail","6":"product_cat-bozic","7":"product_cat-novogodisnji-ukrasi","8":"pa_barva-crvena","9":"pa_material-barsun","10":"pa_material-staklo","11":"pa_visina-2441","13":"first","14":"outofstock","15":"taxable","16":"shipping-taxable","17":"purchasable","18":"product-type-simple"},"_links":{"self":[{"href":"https:\/\/www.miravila.com\/hr\/wp-json\/wp\/v2\/product\/26192","targetHints":{"allow":["GET"]}}],"collection":[{"href":"https:\/\/www.miravila.com\/hr\/wp-json\/wp\/v2\/product"}],"about":[{"href":"https:\/\/www.miravila.com\/hr\/wp-json\/wp\/v2\/types\/product"}],"replies":[{"embeddable":true,"href":"https:\/\/www.miravila.com\/hr\/wp-json\/wp\/v2\/comments?post=26192"}],"wp:featuredmedia":[{"embeddable":true,"href":"https:\/\/www.miravila.com\/hr\/wp-json\/wp\/v2\/media\/24984"}],"wp:attachment":[{"href":"https:\/\/www.miravila.com\/hr\/wp-json\/wp\/v2\/media?parent=26192"}],"wp:term":[{"taxonomy":"product_brand","embeddable":true,"href":"https:\/\/www.miravila.com\/hr\/wp-json\/wp\/v2\/product_brand?post=26192"},{"taxonomy":"product_cat","embeddable":true,"href":"https:\/\/www.miravila.com\/hr\/wp-json\/wp\/v2\/product_cat?post=26192"},{"taxonomy":"product_tag","embeddable":true,"href":"https:\/\/www.miravila.com\/hr\/wp-json\/wp\/v2\/product_tag?post=26192"}],"curies":[{"name":"wp","href":"https:\/\/api.w.org\/{rel}","templated":true}]}}