{"id":26188,"date":"2023-10-23T19:12:09","date_gmt":"2023-10-23T17:12:09","guid":{"rendered":"https:\/\/www.miravila.com\/product\/kuglica-gioiello-roghe-crveni-set-6-lobe\/"},"modified":"2023-10-24T09:54:33","modified_gmt":"2023-10-24T07:54:33","slug":"kuglica-gioiello-roghe-crveni-set-6-lobe","status":"publish","type":"product","link":"https:\/\/www.miravila.com\/hr\/proizvod\/kuglica-gioiello-roghe-crveni-set-6-lobe\/","title":{"rendered":"Kuglica Gioiello roghe crveni set 6-lobe"},"content":{"rendered":"<p>Novogodi\u0161nji ukras, bakar crveni kristalnim ukrasom, u kutiji, 6 komada.<\/p>\n<hr>\n<p> <H5> Materijal: <\/h5>\n<p> Staklo<br \/>\n<br \/> <H5> Dimenzija: <\/h5>\n<p> cm<\/p>\n","protected":false},"excerpt":{"rendered":"<p>Ovaj prekrasan set sadr\u017ei 6 crvenih staklenih bo\u017ei\u0107nih kuglica Gioiello Roghe, \u0161to \u0107e zasigurno pobolj\u0161ati va\u0161e bo\u017ei\u0107no drvce. Svaka lopta ru\u010dno je izra\u0111ena i ima jedinstveni sjaj koji \u0107e privu\u0107i pogled svih posjetitelja. Kuglice su spakirane u elegantnu kutiju, \u0161to ih \u010dini i odli\u010dnim poklonom za va\u0161e najmilije. Savr\u0161en izbor za stvaranje atmosfere za odmor u va\u0161em domu.<\/p>\n","protected":false},"featured_media":25289,"comment_status":"closed","ping_status":"open","template":"","meta":[],"product_brand":[],"product_cat":[2018,3676],"product_tag":[],"class_list":{"0":"post-26188","1":"product","2":"type-product","3":"status-publish","4":"has-post-thumbnail","6":"product_cat-bozic","7":"product_cat-novogodisnji-ukrasi","8":"pa_barva-bakar","9":"pa_material-staklo","11":"first","12":"instock","13":"taxable","14":"shipping-taxable","15":"purchasable","16":"product-type-simple"},"_links":{"self":[{"href":"https:\/\/www.miravila.com\/hr\/wp-json\/wp\/v2\/product\/26188","targetHints":{"allow":["GET"]}}],"collection":[{"href":"https:\/\/www.miravila.com\/hr\/wp-json\/wp\/v2\/product"}],"about":[{"href":"https:\/\/www.miravila.com\/hr\/wp-json\/wp\/v2\/types\/product"}],"replies":[{"embeddable":true,"href":"https:\/\/www.miravila.com\/hr\/wp-json\/wp\/v2\/comments?post=26188"}],"wp:featuredmedia":[{"embeddable":true,"href":"https:\/\/www.miravila.com\/hr\/wp-json\/wp\/v2\/media\/25289"}],"wp:attachment":[{"href":"https:\/\/www.miravila.com\/hr\/wp-json\/wp\/v2\/media?parent=26188"}],"wp:term":[{"taxonomy":"product_brand","embeddable":true,"href":"https:\/\/www.miravila.com\/hr\/wp-json\/wp\/v2\/product_brand?post=26188"},{"taxonomy":"product_cat","embeddable":true,"href":"https:\/\/www.miravila.com\/hr\/wp-json\/wp\/v2\/product_cat?post=26188"},{"taxonomy":"product_tag","embeddable":true,"href":"https:\/\/www.miravila.com\/hr\/wp-json\/wp\/v2\/product_tag?post=26188"}],"curies":[{"name":"wp","href":"https:\/\/api.w.org\/{rel}","templated":true}]}}