{"id":26185,"date":"2023-10-23T19:12:09","date_gmt":"2023-10-23T17:12:09","guid":{"rendered":"https:\/\/www.miravila.com\/product\/kuglica-gemme-velvet-d-10-cm-crvena\/"},"modified":"2023-10-24T09:54:32","modified_gmt":"2023-10-24T07:54:32","slug":"kuglica-gemme-velvet-d-10-cm-crvena","status":"publish","type":"product","link":"https:\/\/www.miravila.com\/hr\/proizvod\/kuglica-gemme-velvet-d-10-cm-crvena\/","title":{"rendered":"Kuglica gemme Velvet d-10 cm crvena"},"content":{"rendered":"<p>Novogodi\u0161nji ukras<\/p>\n<hr>\n<p> <H5> MATERIJAL: <\/h5>\n<p> <H5> Dimenzija: <\/h5>\n<p> 10cm<\/p>\n","protected":false},"excerpt":{"rendered":"<p>Gemme Velvet Ball savr\u0161en je ukras za bo\u017ei\u0107no drvce. Svojom crvenom bojom definitivno \u0107e privu\u0107i pa\u017enju i dodati blagdanski sjaj va\u0161em domu. S promjerom od 10 cm, ova je kugla idealna za svaku veli\u010dinu stabla. Dodir elegancije i magije pru\u017eit \u0107e sve va\u0161e blagdanske trenutke.<\/p>\n","protected":false},"featured_media":25431,"comment_status":"closed","ping_status":"open","template":"","meta":[],"product_brand":[],"product_cat":[2018,3676],"product_tag":[],"class_list":{"0":"post-26185","1":"product","2":"type-product","3":"status-publish","4":"has-post-thumbnail","6":"product_cat-bozic","7":"product_cat-novogodisnji-ukrasi","8":"pa_barva-crvena","9":"pa_material-barsun","10":"pa_visina-10-2","12":"first","13":"outofstock","14":"taxable","15":"shipping-taxable","16":"purchasable","17":"product-type-simple"},"_links":{"self":[{"href":"https:\/\/www.miravila.com\/hr\/wp-json\/wp\/v2\/product\/26185","targetHints":{"allow":["GET"]}}],"collection":[{"href":"https:\/\/www.miravila.com\/hr\/wp-json\/wp\/v2\/product"}],"about":[{"href":"https:\/\/www.miravila.com\/hr\/wp-json\/wp\/v2\/types\/product"}],"replies":[{"embeddable":true,"href":"https:\/\/www.miravila.com\/hr\/wp-json\/wp\/v2\/comments?post=26185"}],"wp:featuredmedia":[{"embeddable":true,"href":"https:\/\/www.miravila.com\/hr\/wp-json\/wp\/v2\/media\/25431"}],"wp:attachment":[{"href":"https:\/\/www.miravila.com\/hr\/wp-json\/wp\/v2\/media?parent=26185"}],"wp:term":[{"taxonomy":"product_brand","embeddable":true,"href":"https:\/\/www.miravila.com\/hr\/wp-json\/wp\/v2\/product_brand?post=26185"},{"taxonomy":"product_cat","embeddable":true,"href":"https:\/\/www.miravila.com\/hr\/wp-json\/wp\/v2\/product_cat?post=26185"},{"taxonomy":"product_tag","embeddable":true,"href":"https:\/\/www.miravila.com\/hr\/wp-json\/wp\/v2\/product_tag?post=26185"}],"curies":[{"name":"wp","href":"https:\/\/api.w.org\/{rel}","templated":true}]}}