{"id":26179,"date":"2023-10-23T19:12:09","date_gmt":"2023-10-23T17:12:09","guid":{"rendered":"https:\/\/www.miravila.com\/product\/kugla-staklo-ethava-oval-17-cm-x-1\/"},"modified":"2024-12-05T12:08:25","modified_gmt":"2024-12-05T11:08:25","slug":"kugla-staklo-ethava-oval-17-cm-x-1","status":"publish","type":"product","link":"https:\/\/www.miravila.com\/hr\/kugla-staklo-ethava-oval-17-cm-x-1\/","title":{"rendered":"Kugla staklo ethava oval 17 cm x 1"},"content":{"rendered":"<p>Novogodi\u0161nje zlato za ukra\u0161avanje izdu\u017eeno u obliku \u0161iljaka.<\/p>\n<hr>\n<p> <H5> Materijal: <\/h5>\n<p> Staklo<br \/>\n<br \/> <H5> Dimenzija: <\/h5>\n<p> 17cm<\/p>\n","protected":false},"excerpt":{"rendered":"<p>Ova bo\u017ei\u0107na kuglica napravljena od stakla savr\u0161ena je za ukra\u0161avanje va\u0161eg stabla. Svojim ovalnim oblikom i promjera 17 cm, sigurno \u0107e privu\u0107i pa\u017enju. Dodajte dodir tradicije i sve\u010danu atmosferu svom domu s ovom prekrasnom kuglom.<\/p>\n","protected":false},"featured_media":24966,"comment_status":"closed","ping_status":"open","template":"","meta":[],"product_brand":[],"product_cat":[2018,3676],"product_tag":[],"class_list":{"0":"post-26179","1":"product","2":"type-product","3":"status-publish","4":"has-post-thumbnail","6":"product_cat-bozic","7":"product_cat-novogodisnji-ukrasi","8":"pa_barva-zlatna","9":"pa_material-staklo","10":"pa_visina-2521","12":"first","13":"outofstock","14":"taxable","15":"shipping-taxable","16":"purchasable","17":"product-type-simple"},"_links":{"self":[{"href":"https:\/\/www.miravila.com\/hr\/wp-json\/wp\/v2\/product\/26179","targetHints":{"allow":["GET"]}}],"collection":[{"href":"https:\/\/www.miravila.com\/hr\/wp-json\/wp\/v2\/product"}],"about":[{"href":"https:\/\/www.miravila.com\/hr\/wp-json\/wp\/v2\/types\/product"}],"replies":[{"embeddable":true,"href":"https:\/\/www.miravila.com\/hr\/wp-json\/wp\/v2\/comments?post=26179"}],"wp:featuredmedia":[{"embeddable":true,"href":"https:\/\/www.miravila.com\/hr\/wp-json\/wp\/v2\/media\/24966"}],"wp:attachment":[{"href":"https:\/\/www.miravila.com\/hr\/wp-json\/wp\/v2\/media?parent=26179"}],"wp:term":[{"taxonomy":"product_brand","embeddable":true,"href":"https:\/\/www.miravila.com\/hr\/wp-json\/wp\/v2\/product_brand?post=26179"},{"taxonomy":"product_cat","embeddable":true,"href":"https:\/\/www.miravila.com\/hr\/wp-json\/wp\/v2\/product_cat?post=26179"},{"taxonomy":"product_tag","embeddable":true,"href":"https:\/\/www.miravila.com\/hr\/wp-json\/wp\/v2\/product_tag?post=26179"}],"curies":[{"name":"wp","href":"https:\/\/api.w.org\/{rel}","templated":true}]}}