{"id":26167,"date":"2023-10-23T19:11:58","date_gmt":"2023-10-23T17:11:58","guid":{"rendered":"https:\/\/www.miravila.com\/product\/kuglica-fiori-ma-d-10-cm-x-1\/"},"modified":"2024-12-05T12:08:14","modified_gmt":"2024-12-05T11:08:14","slug":"kuglica-fiori-ma-d-10-cm-x-1","status":"publish","type":"product","link":"https:\/\/www.miravila.com\/hr\/kuglica-fiori-ma-d-10-cm-x-1\/","title":{"rendered":"Kuglica fiori-ma d-10 cm x 1"},"content":{"rendered":"<p>Novogodi\u0161nji ukras<\/p>\n<hr>\n<p> <H5> Materijal: <\/h5>\n<p> Staklo<br \/>\n<br \/> <H5> Dimenzija: <\/h5>\n<p> 10cm<\/p>\n","protected":false},"excerpt":{"rendered":"<p>FIORI-RI staklena kugla je prekrasna bo\u017ei\u0107na ukras koji \u0107e u va\u0161 dom donijeti sve\u010danu atmosferu. S promjerom od 10 cm, savr\u0161en je za objesiti na bo\u017ei\u0107no drvce ili se mo\u017ee postaviti na stol kao elegantni centar. Njegov jedinstveni dizajn i lijepi uzorci zasigurno \u0107e privu\u0107i pogled gostiju. Ukrasite svoj dom u sve\u010danom stilu s ovom \u010darobnom staklenom staklom fiori -ORMA!<\/p>\n","protected":false},"featured_media":25503,"comment_status":"closed","ping_status":"open","template":"","meta":[],"product_brand":[],"product_cat":[2018,3676],"product_tag":[],"class_list":{"0":"post-26167","1":"product","2":"type-product","3":"status-publish","4":"has-post-thumbnail","6":"product_cat-bozic","7":"product_cat-novogodisnji-ukrasi","8":"pa_material-staklo","9":"pa_visina-10-2","11":"first","12":"outofstock","13":"taxable","14":"shipping-taxable","15":"purchasable","16":"product-type-simple"},"_links":{"self":[{"href":"https:\/\/www.miravila.com\/hr\/wp-json\/wp\/v2\/product\/26167","targetHints":{"allow":["GET"]}}],"collection":[{"href":"https:\/\/www.miravila.com\/hr\/wp-json\/wp\/v2\/product"}],"about":[{"href":"https:\/\/www.miravila.com\/hr\/wp-json\/wp\/v2\/types\/product"}],"replies":[{"embeddable":true,"href":"https:\/\/www.miravila.com\/hr\/wp-json\/wp\/v2\/comments?post=26167"}],"wp:featuredmedia":[{"embeddable":true,"href":"https:\/\/www.miravila.com\/hr\/wp-json\/wp\/v2\/media\/25503"}],"wp:attachment":[{"href":"https:\/\/www.miravila.com\/hr\/wp-json\/wp\/v2\/media?parent=26167"}],"wp:term":[{"taxonomy":"product_brand","embeddable":true,"href":"https:\/\/www.miravila.com\/hr\/wp-json\/wp\/v2\/product_brand?post=26167"},{"taxonomy":"product_cat","embeddable":true,"href":"https:\/\/www.miravila.com\/hr\/wp-json\/wp\/v2\/product_cat?post=26167"},{"taxonomy":"product_tag","embeddable":true,"href":"https:\/\/www.miravila.com\/hr\/wp-json\/wp\/v2\/product_tag?post=26167"}],"curies":[{"name":"wp","href":"https:\/\/api.w.org\/{rel}","templated":true}]}}