{"id":26164,"date":"2023-10-23T19:11:58","date_gmt":"2023-10-23T17:11:58","guid":{"rendered":"https:\/\/www.miravila.com\/product\/kuglica-deco-pailletes-d-10-cm-zlato-vrd\/"},"modified":"2024-12-05T12:08:11","modified_gmt":"2024-12-05T11:08:11","slug":"kuglica-deco-pailletes-d-10-cm-zlato-vrd","status":"publish","type":"product","link":"https:\/\/www.miravila.com\/hr\/kuglica-deco-pailletes-d-10-cm-zlato-vrd\/","title":{"rendered":"Kuglica deco-pailletes d-10 cm zlato-vrd"},"content":{"rendered":"<p>Novogodi\u0161nji ukras u crvenoj boji s pahuljastim uzorkom i blistavim posipanjem.<\/p>\n<hr>\n<p> <H5> Materijal: <\/h5>\n<p> Staklo<br \/>\n<br \/> <H5> Dimenzija: <\/h5>\n<p> 10cm<\/p>\n","protected":false},"excerpt":{"rendered":"<p>Deco-Paillettes D-10 cm Glass Gold-10 staklo je prekrasan bo\u017ei\u0107ni ukras koji \u0107e zasigurno privu\u0107i pa\u017enju na va\u0161em bo\u017ei\u0107nom drvcu. Svojom elegantnom zlatno-crvenom bojom i blistavim sjajem stvorit \u0107e \u010darobnu atmosferu u va\u0161em domu. S promjerom od 10 cm, ova je kugla savr\u0161ena veli\u010dina za dodavanje sjaja za odmor u va\u0161u unutra\u0161njost. Ukrasite svoju ku\u0107u za odmor ovom prekrasnom bo\u017ei\u0107nom loptom.<\/p>\n","protected":false},"featured_media":24561,"comment_status":"closed","ping_status":"open","template":"","meta":[],"product_brand":[],"product_cat":[2018,3676],"product_tag":[],"class_list":{"0":"post-26164","1":"product","2":"type-product","3":"status-publish","4":"has-post-thumbnail","6":"product_cat-bozic","7":"product_cat-novogodisnji-ukrasi","8":"pa_barva-crvena","9":"pa_material-staklo","10":"pa_visina-10-2","12":"first","13":"outofstock","14":"taxable","15":"shipping-taxable","16":"purchasable","17":"product-type-simple"},"_links":{"self":[{"href":"https:\/\/www.miravila.com\/hr\/wp-json\/wp\/v2\/product\/26164","targetHints":{"allow":["GET"]}}],"collection":[{"href":"https:\/\/www.miravila.com\/hr\/wp-json\/wp\/v2\/product"}],"about":[{"href":"https:\/\/www.miravila.com\/hr\/wp-json\/wp\/v2\/types\/product"}],"replies":[{"embeddable":true,"href":"https:\/\/www.miravila.com\/hr\/wp-json\/wp\/v2\/comments?post=26164"}],"wp:featuredmedia":[{"embeddable":true,"href":"https:\/\/www.miravila.com\/hr\/wp-json\/wp\/v2\/media\/24561"}],"wp:attachment":[{"href":"https:\/\/www.miravila.com\/hr\/wp-json\/wp\/v2\/media?parent=26164"}],"wp:term":[{"taxonomy":"product_brand","embeddable":true,"href":"https:\/\/www.miravila.com\/hr\/wp-json\/wp\/v2\/product_brand?post=26164"},{"taxonomy":"product_cat","embeddable":true,"href":"https:\/\/www.miravila.com\/hr\/wp-json\/wp\/v2\/product_cat?post=26164"},{"taxonomy":"product_tag","embeddable":true,"href":"https:\/\/www.miravila.com\/hr\/wp-json\/wp\/v2\/product_tag?post=26164"}],"curies":[{"name":"wp","href":"https:\/\/api.w.org\/{rel}","templated":true}]}}