{"id":26157,"date":"2023-10-23T19:11:58","date_gmt":"2023-10-23T17:11:58","guid":{"rendered":"https:\/\/www.miravila.com\/product\/privjesak-staklo-rombo-stella-h-14-cm-zlato\/"},"modified":"2024-12-05T12:07:33","modified_gmt":"2024-12-05T11:07:33","slug":"privjesak-staklo-rombo-stella-h-14-cm-zlato","status":"publish","type":"product","link":"https:\/\/www.miravila.com\/hr\/privjesak-staklo-rombo-stella-h-14-cm-zlato\/","title":{"rendered":"Privjesak staklo Rombo-Stella H-14 cm zlato"},"content":{"rendered":"<p>Novogodi\u0161nji ROMB i STAR Dekoracija u zlatu.<\/p>\n<hr>\n<p> <H5> Materijal: <\/h5>\n<p> Staklo<br \/>\n<br \/> <H5> Dimenzija: <\/h5>\n<p> 14cm<\/p>\n","protected":false},"excerpt":{"rendered":"<p>Ovaj bo\u017ei\u0107ni privjesak izra\u0111en je od stakla i ima oblik romboida s uzorkom Stellyja. Visok je 14 cm, a zlato je obojeno.<\/p>\n","protected":false},"featured_media":24929,"comment_status":"closed","ping_status":"open","template":"","meta":[],"product_brand":[],"product_cat":[2018,3676],"product_tag":[],"class_list":{"0":"post-26157","1":"product","2":"type-product","3":"status-publish","4":"has-post-thumbnail","6":"product_cat-bozic","7":"product_cat-novogodisnji-ukrasi","8":"pa_barva-zlatna","9":"pa_material-staklo","10":"pa_visina-14-2","12":"first","13":"outofstock","14":"taxable","15":"shipping-taxable","16":"purchasable","17":"product-type-simple"},"_links":{"self":[{"href":"https:\/\/www.miravila.com\/hr\/wp-json\/wp\/v2\/product\/26157","targetHints":{"allow":["GET"]}}],"collection":[{"href":"https:\/\/www.miravila.com\/hr\/wp-json\/wp\/v2\/product"}],"about":[{"href":"https:\/\/www.miravila.com\/hr\/wp-json\/wp\/v2\/types\/product"}],"replies":[{"embeddable":true,"href":"https:\/\/www.miravila.com\/hr\/wp-json\/wp\/v2\/comments?post=26157"}],"wp:featuredmedia":[{"embeddable":true,"href":"https:\/\/www.miravila.com\/hr\/wp-json\/wp\/v2\/media\/24929"}],"wp:attachment":[{"href":"https:\/\/www.miravila.com\/hr\/wp-json\/wp\/v2\/media?parent=26157"}],"wp:term":[{"taxonomy":"product_brand","embeddable":true,"href":"https:\/\/www.miravila.com\/hr\/wp-json\/wp\/v2\/product_brand?post=26157"},{"taxonomy":"product_cat","embeddable":true,"href":"https:\/\/www.miravila.com\/hr\/wp-json\/wp\/v2\/product_cat?post=26157"},{"taxonomy":"product_tag","embeddable":true,"href":"https:\/\/www.miravila.com\/hr\/wp-json\/wp\/v2\/product_tag?post=26157"}],"curies":[{"name":"wp","href":"https:\/\/api.w.org\/{rel}","templated":true}]}}