{"id":26147,"date":"2023-10-23T19:11:50","date_gmt":"2023-10-23T17:11:50","guid":{"rendered":"https:\/\/www.miravila.com\/product\/kuglice-stakleni-buket-x-12-20-mm-ruzicasta\/"},"modified":"2024-12-05T12:06:46","modified_gmt":"2024-12-05T11:06:46","slug":"kuglice-stakleni-buket-x-12-20-mm-ruzicasta","status":"publish","type":"product","link":"https:\/\/www.miravila.com\/hr\/kuglice-stakleni-buket-x-12-20-mm-ruzicasta\/","title":{"rendered":"Kuglice stakleni buket x 12 20 mm ru\u017ei\u010dasta"},"content":{"rendered":"<p>Novogodi\u0161nji ukras<\/p>\n<hr>\n<p> <H5> Materijal: <\/h5>\n<p> Staklo<br \/>\n<br \/> <H5> Dimenzija: <\/h5>\n<p> 2cm<\/p>\n","protected":false},"excerpt":{"rendered":"<p>Ovaj je proizvod idealan za ukra\u0161avanje va\u0161eg bo\u017ei\u0107nog drvca. Uklju\u010duje 12 ru\u017ei\u010dastih staklenih kuglica promjera od 20 mm. Uz ovu prekrasnu gomilu kuglica, va\u0161a \u0107e se jela definitivno istaknuti me\u0111u ostalim.<\/p>\n","protected":false},"featured_media":25008,"comment_status":"closed","ping_status":"open","template":"","meta":[],"product_brand":[],"product_cat":[2018,3676],"product_tag":[],"class_list":{"0":"post-26147","1":"product","2":"type-product","3":"status-publish","4":"has-post-thumbnail","6":"product_cat-bozic","7":"product_cat-novogodisnji-ukrasi","8":"pa_material-staklo","9":"pa_visina-2-2","11":"first","12":"outofstock","13":"taxable","14":"shipping-taxable","15":"purchasable","16":"product-type-simple"},"_links":{"self":[{"href":"https:\/\/www.miravila.com\/hr\/wp-json\/wp\/v2\/product\/26147","targetHints":{"allow":["GET"]}}],"collection":[{"href":"https:\/\/www.miravila.com\/hr\/wp-json\/wp\/v2\/product"}],"about":[{"href":"https:\/\/www.miravila.com\/hr\/wp-json\/wp\/v2\/types\/product"}],"replies":[{"embeddable":true,"href":"https:\/\/www.miravila.com\/hr\/wp-json\/wp\/v2\/comments?post=26147"}],"wp:featuredmedia":[{"embeddable":true,"href":"https:\/\/www.miravila.com\/hr\/wp-json\/wp\/v2\/media\/25008"}],"wp:attachment":[{"href":"https:\/\/www.miravila.com\/hr\/wp-json\/wp\/v2\/media?parent=26147"}],"wp:term":[{"taxonomy":"product_brand","embeddable":true,"href":"https:\/\/www.miravila.com\/hr\/wp-json\/wp\/v2\/product_brand?post=26147"},{"taxonomy":"product_cat","embeddable":true,"href":"https:\/\/www.miravila.com\/hr\/wp-json\/wp\/v2\/product_cat?post=26147"},{"taxonomy":"product_tag","embeddable":true,"href":"https:\/\/www.miravila.com\/hr\/wp-json\/wp\/v2\/product_tag?post=26147"}],"curies":[{"name":"wp","href":"https:\/\/api.w.org\/{rel}","templated":true}]}}