{"id":26146,"date":"2023-10-23T19:11:50","date_gmt":"2023-10-23T17:11:50","guid":{"rendered":"https:\/\/www.miravila.com\/product\/pticje-staklene-stezaljke-set-3\/"},"modified":"2024-12-05T12:06:42","modified_gmt":"2024-12-05T11:06:42","slug":"pticje-staklene-stezaljke-set-3","status":"publish","type":"product","link":"https:\/\/www.miravila.com\/hr\/pticje-staklene-stezaljke-set-3\/","title":{"rendered":"Pti\u010dje staklene stezaljke set 3"},"content":{"rendered":"<p>Novogodi\u0161nji set ukrasa 3 ptice <\/p>\n<hr>\n<p> <H5> Materijal: <\/h5>\n<p> Staklo<br \/>\n<br \/> <H5> Dimenzija: <\/h5>\n<p> 12cm<\/p>\n","protected":false},"excerpt":{"rendered":"<p>Set za staklenu stezaljku od pti\u010djeg stakla divan je bo\u017ei\u0107ni proizvod koji uklju\u010duje 3 ljupka staklena pti\u010dja \u0161tita. Ove prstohvalje savr\u0161ene su za ukra\u0161avanje bo\u017ei\u0107nog drvca ili za pri\u010dvr\u0161\u0107ivanje \u010destitki na darove. Ptice su izra\u0111ene od visokokvalitetnog stakla koje pru\u017ea dugotrajnu upotrebu. Pomo\u0107u ovog seta dodat \u0107ete dodir elegancije i sve\u010danu atmosferu va\u0161em domu.<\/p>\n","protected":false},"featured_media":24839,"comment_status":"closed","ping_status":"open","template":"","meta":[],"product_brand":[],"product_cat":[2018,3676],"product_tag":[],"class_list":{"0":"post-26146","1":"product","2":"type-product","3":"status-publish","4":"has-post-thumbnail","6":"product_cat-bozic","7":"product_cat-novogodisnji-ukrasi","8":"pa_material-staklo","9":"pa_visina-12-2","11":"first","12":"outofstock","13":"taxable","14":"shipping-taxable","15":"purchasable","16":"product-type-simple"},"_links":{"self":[{"href":"https:\/\/www.miravila.com\/hr\/wp-json\/wp\/v2\/product\/26146","targetHints":{"allow":["GET"]}}],"collection":[{"href":"https:\/\/www.miravila.com\/hr\/wp-json\/wp\/v2\/product"}],"about":[{"href":"https:\/\/www.miravila.com\/hr\/wp-json\/wp\/v2\/types\/product"}],"replies":[{"embeddable":true,"href":"https:\/\/www.miravila.com\/hr\/wp-json\/wp\/v2\/comments?post=26146"}],"wp:featuredmedia":[{"embeddable":true,"href":"https:\/\/www.miravila.com\/hr\/wp-json\/wp\/v2\/media\/24839"}],"wp:attachment":[{"href":"https:\/\/www.miravila.com\/hr\/wp-json\/wp\/v2\/media?parent=26146"}],"wp:term":[{"taxonomy":"product_brand","embeddable":true,"href":"https:\/\/www.miravila.com\/hr\/wp-json\/wp\/v2\/product_brand?post=26146"},{"taxonomy":"product_cat","embeddable":true,"href":"https:\/\/www.miravila.com\/hr\/wp-json\/wp\/v2\/product_cat?post=26146"},{"taxonomy":"product_tag","embeddable":true,"href":"https:\/\/www.miravila.com\/hr\/wp-json\/wp\/v2\/product_tag?post=26146"}],"curies":[{"name":"wp","href":"https:\/\/api.w.org\/{rel}","templated":true}]}}