{"id":26139,"date":"2023-10-23T19:11:50","date_gmt":"2023-10-23T17:11:50","guid":{"rendered":"https:\/\/www.miravila.com\/product\/privjesak-cipele-leopard-6x52x112-cm\/"},"modified":"2025-12-03T02:12:15","modified_gmt":"2025-12-03T01:12:15","slug":"privjesak-cipele-leopard-6x52x112-cm","status":"publish","type":"product","link":"https:\/\/www.miravila.com\/hr\/privjesak-cipele-leopard-6x52x112-cm\/","title":{"rendered":"Privjesak cipele-leopard 6&#215;5,2&#215;11,2 cm"},"content":{"rendered":"<p>Novogodi\u0161nji ukras zlatne boje u obliku leopardovih cipela.<\/p>\n<hr>\n<p> <H5> Materijal: <\/h5>\n<p> Staklo<br \/>\n<br \/> <H5> Dimenzija: <\/h5>\n<p> 11cm<\/p>\n","protected":false},"excerpt":{"rendered":"<p>Par cipela za pair-leopard jedinstveni je bo\u017ei\u0107ni ukras koji \u0107e zasigurno pobolj\u0161ati va\u0161u atmosferu za odmor. Sa svojom leopardovom slikom i dimenzijama 6&#215;5,2&#215;11,2 cm, to je savr\u0161en dodatak ukra\u0161avanju jele ili kao poklon za bo\u017ei\u0107no vrijeme.<\/p>\n","protected":false},"featured_media":24773,"comment_status":"closed","ping_status":"open","template":"","meta":[],"product_brand":[],"product_cat":[2018,3676],"product_tag":[],"class_list":{"0":"post-26139","1":"product","2":"type-product","3":"status-publish","4":"has-post-thumbnail","6":"product_cat-bozic","7":"product_cat-novogodisnji-ukrasi","8":"pa_barva-zlatna","9":"pa_material-staklo","10":"pa_visina-11-2","12":"first","13":"outofstock","14":"taxable","15":"shipping-taxable","16":"purchasable","17":"product-type-simple"},"_links":{"self":[{"href":"https:\/\/www.miravila.com\/hr\/wp-json\/wp\/v2\/product\/26139","targetHints":{"allow":["GET"]}}],"collection":[{"href":"https:\/\/www.miravila.com\/hr\/wp-json\/wp\/v2\/product"}],"about":[{"href":"https:\/\/www.miravila.com\/hr\/wp-json\/wp\/v2\/types\/product"}],"replies":[{"embeddable":true,"href":"https:\/\/www.miravila.com\/hr\/wp-json\/wp\/v2\/comments?post=26139"}],"wp:featuredmedia":[{"embeddable":true,"href":"https:\/\/www.miravila.com\/hr\/wp-json\/wp\/v2\/media\/24773"}],"wp:attachment":[{"href":"https:\/\/www.miravila.com\/hr\/wp-json\/wp\/v2\/media?parent=26139"}],"wp:term":[{"taxonomy":"product_brand","embeddable":true,"href":"https:\/\/www.miravila.com\/hr\/wp-json\/wp\/v2\/product_brand?post=26139"},{"taxonomy":"product_cat","embeddable":true,"href":"https:\/\/www.miravila.com\/hr\/wp-json\/wp\/v2\/product_cat?post=26139"},{"taxonomy":"product_tag","embeddable":true,"href":"https:\/\/www.miravila.com\/hr\/wp-json\/wp\/v2\/product_tag?post=26139"}],"curies":[{"name":"wp","href":"https:\/\/api.w.org\/{rel}","templated":true}]}}