{"id":26132,"date":"2023-10-23T19:11:41","date_gmt":"2023-10-23T17:11:41","guid":{"rendered":"https:\/\/www.miravila.com\/product\/lopta-fili-di-perle-d-12-cm-x-1\/"},"modified":"2026-02-05T02:12:34","modified_gmt":"2026-02-05T01:12:34","slug":"lopta-fili-di-perle-d-12-cm-x-1","status":"publish","type":"product","link":"https:\/\/www.miravila.com\/hr\/lopta-fili-di-perle-d-12-cm-x-1\/","title":{"rendered":"Lopta fili di perle d-12 cm x 1"},"content":{"rendered":"<p>Novogodi\u0161nji ukras sa zlatnim mozai\u010dnim detaljima.<\/p>\n<hr>\n<p> <H5> Materijal: <\/h5>\n<p> PVC<br \/>\n<br \/> <H5> Dimenzija: <\/h5>\n<p> 12cm<\/p>\n","protected":false},"excerpt":{"rendered":"<p>Fili di Perle Ball prekrasan je bo\u017ei\u0107ni ukras promjera 12 cm. Izra\u0111ena je od kvalitetnog materijala i ukra\u0161ena blistavim biserima. Ova elegantna lopta zasigurno \u0107e pobolj\u0161ati va\u0161 bo\u017ei\u0107ni ukras i stvoriti atmosferu za odmor u va\u0161em domu.<\/p>\n","protected":false},"featured_media":25317,"comment_status":"closed","ping_status":"open","template":"","meta":[],"product_brand":[],"product_cat":[2018,3676],"product_tag":[],"class_list":{"0":"post-26132","1":"product","2":"type-product","3":"status-publish","4":"has-post-thumbnail","6":"product_cat-bozic","7":"product_cat-novogodisnji-ukrasi","8":"pa_barva-zlatna","9":"pa_material-pvc-2","10":"pa_visina-12-2","12":"first","13":"instock","14":"taxable","15":"shipping-taxable","16":"purchasable","17":"product-type-simple"},"_links":{"self":[{"href":"https:\/\/www.miravila.com\/hr\/wp-json\/wp\/v2\/product\/26132","targetHints":{"allow":["GET"]}}],"collection":[{"href":"https:\/\/www.miravila.com\/hr\/wp-json\/wp\/v2\/product"}],"about":[{"href":"https:\/\/www.miravila.com\/hr\/wp-json\/wp\/v2\/types\/product"}],"replies":[{"embeddable":true,"href":"https:\/\/www.miravila.com\/hr\/wp-json\/wp\/v2\/comments?post=26132"}],"wp:featuredmedia":[{"embeddable":true,"href":"https:\/\/www.miravila.com\/hr\/wp-json\/wp\/v2\/media\/25317"}],"wp:attachment":[{"href":"https:\/\/www.miravila.com\/hr\/wp-json\/wp\/v2\/media?parent=26132"}],"wp:term":[{"taxonomy":"product_brand","embeddable":true,"href":"https:\/\/www.miravila.com\/hr\/wp-json\/wp\/v2\/product_brand?post=26132"},{"taxonomy":"product_cat","embeddable":true,"href":"https:\/\/www.miravila.com\/hr\/wp-json\/wp\/v2\/product_cat?post=26132"},{"taxonomy":"product_tag","embeddable":true,"href":"https:\/\/www.miravila.com\/hr\/wp-json\/wp\/v2\/product_tag?post=26132"}],"curies":[{"name":"wp","href":"https:\/\/api.w.org\/{rel}","templated":true}]}}