{"id":26131,"date":"2023-10-23T19:11:41","date_gmt":"2023-10-23T17:11:41","guid":{"rendered":"https:\/\/www.miravila.com\/product\/philanthe-glitter-x-3-bell-branch-h-155-cm-siler-zlato\/"},"modified":"2024-12-05T12:06:13","modified_gmt":"2024-12-05T11:06:13","slug":"philanthe-glitter-x-3-bell-branch-h-155-cm-siler-zlato","status":"publish","type":"product","link":"https:\/\/www.miravila.com\/hr\/philanthe-glitter-x-3-bell-branch-h-155-cm-siler-zlato\/","title":{"rendered":"Philanthe Glitter x 3 Bell Branch H-155 cm Siler., Zlato"},"content":{"rendered":"<p>Dekorativna zlatna sjajna grana s tri vrpce.<\/p>\n<hr>\n<p> <H5> Materijal: <\/h5>\n<p> PVC<br \/>\n<br \/> <H5> Dimenzija: <\/h5>\n<p> 155cm<\/p>\n","protected":false},"excerpt":{"rendered":"<p>Glitter X 3 Bell Philanthe je bo\u017ei\u0107ni ukras od 155 cm. Ukra\u0161en je srebrnim i zlatnim sjajem koji \u0107e va\u0161 dom napuniti sve\u010danim sjajem. Savr\u0161en dodatak za stvaranje \u010darobne bo\u017ei\u0107ne atmosfere.<\/p>\n","protected":false},"featured_media":25329,"comment_status":"closed","ping_status":"open","template":"","meta":[],"product_brand":[],"product_cat":[2018,3676],"product_tag":[],"class_list":{"0":"post-26131","1":"product","2":"type-product","3":"status-publish","4":"has-post-thumbnail","6":"product_cat-bozic","7":"product_cat-novogodisnji-ukrasi","8":"pa_barva-zlatna","9":"pa_material-pvc-2","10":"pa_visina-155-2","12":"first","13":"outofstock","14":"taxable","15":"shipping-taxable","16":"purchasable","17":"product-type-simple"},"_links":{"self":[{"href":"https:\/\/www.miravila.com\/hr\/wp-json\/wp\/v2\/product\/26131","targetHints":{"allow":["GET"]}}],"collection":[{"href":"https:\/\/www.miravila.com\/hr\/wp-json\/wp\/v2\/product"}],"about":[{"href":"https:\/\/www.miravila.com\/hr\/wp-json\/wp\/v2\/types\/product"}],"replies":[{"embeddable":true,"href":"https:\/\/www.miravila.com\/hr\/wp-json\/wp\/v2\/comments?post=26131"}],"wp:featuredmedia":[{"embeddable":true,"href":"https:\/\/www.miravila.com\/hr\/wp-json\/wp\/v2\/media\/25329"}],"wp:attachment":[{"href":"https:\/\/www.miravila.com\/hr\/wp-json\/wp\/v2\/media?parent=26131"}],"wp:term":[{"taxonomy":"product_brand","embeddable":true,"href":"https:\/\/www.miravila.com\/hr\/wp-json\/wp\/v2\/product_brand?post=26131"},{"taxonomy":"product_cat","embeddable":true,"href":"https:\/\/www.miravila.com\/hr\/wp-json\/wp\/v2\/product_cat?post=26131"},{"taxonomy":"product_tag","embeddable":true,"href":"https:\/\/www.miravila.com\/hr\/wp-json\/wp\/v2\/product_tag?post=26131"}],"curies":[{"name":"wp","href":"https:\/\/api.w.org\/{rel}","templated":true}]}}