{"id":26124,"date":"2023-10-23T19:11:41","date_gmt":"2023-10-23T17:11:41","guid":{"rendered":"https:\/\/www.miravila.com\/product\/kuglica-poli-glitter-pvc-d-8-cm-set-6-zlato\/"},"modified":"2024-12-05T12:06:05","modified_gmt":"2024-12-05T11:06:05","slug":"kuglica-poli-glitter-pvc-d-8-cm-set-6-zlato","status":"publish","type":"product","link":"https:\/\/www.miravila.com\/hr\/kuglica-poli-glitter-pvc-d-8-cm-set-6-zlato\/","title":{"rendered":"Kuglica poli Glitter PVC D-8 cm\/set 6 zlato"},"content":{"rendered":"<p>Novogodi\u0161nji ukras<\/p>\n<hr>\n<p> <H5> Materijal: <\/h5>\n<p> PVC<br \/>\n<br \/> <H5> Dimenzija: <\/h5>\n<p> 8cm<\/p>\n","protected":false},"excerpt":{"rendered":"<p>PVC lopta Poly Glitter prekrasan je bo\u017ei\u0107ni ukras koji \u0107e donijeti odmor u va\u0161 dom. Set sadr\u017ei 6 zlatnih kuglica od 8 cm koje \u0107e zasigurno pobolj\u0161ati va\u0161u novogodi\u0161nju FIR. Izra\u0111eni su od kvalitetnog PVC materijala koji je izdr\u017eljiv i jednostavan za odr\u017eavanje. Dodajte prazni\u010dni \u0161arm u svoj dom s ovim blistavim bo\u017ei\u0107nim ukrasom.<\/p>\n","protected":false},"featured_media":25823,"comment_status":"closed","ping_status":"open","template":"","meta":[],"product_brand":[],"product_cat":[2018,3676],"product_tag":[],"class_list":{"0":"post-26124","1":"product","2":"type-product","3":"status-publish","4":"has-post-thumbnail","6":"product_cat-bozic","7":"product_cat-novogodisnji-ukrasi","8":"pa_barva-zlatna","9":"pa_material-pvc-2","10":"pa_visina-8-2","12":"first","13":"outofstock","14":"taxable","15":"shipping-taxable","16":"purchasable","17":"product-type-simple"},"_links":{"self":[{"href":"https:\/\/www.miravila.com\/hr\/wp-json\/wp\/v2\/product\/26124","targetHints":{"allow":["GET"]}}],"collection":[{"href":"https:\/\/www.miravila.com\/hr\/wp-json\/wp\/v2\/product"}],"about":[{"href":"https:\/\/www.miravila.com\/hr\/wp-json\/wp\/v2\/types\/product"}],"replies":[{"embeddable":true,"href":"https:\/\/www.miravila.com\/hr\/wp-json\/wp\/v2\/comments?post=26124"}],"wp:featuredmedia":[{"embeddable":true,"href":"https:\/\/www.miravila.com\/hr\/wp-json\/wp\/v2\/media\/25823"}],"wp:attachment":[{"href":"https:\/\/www.miravila.com\/hr\/wp-json\/wp\/v2\/media?parent=26124"}],"wp:term":[{"taxonomy":"product_brand","embeddable":true,"href":"https:\/\/www.miravila.com\/hr\/wp-json\/wp\/v2\/product_brand?post=26124"},{"taxonomy":"product_cat","embeddable":true,"href":"https:\/\/www.miravila.com\/hr\/wp-json\/wp\/v2\/product_cat?post=26124"},{"taxonomy":"product_tag","embeddable":true,"href":"https:\/\/www.miravila.com\/hr\/wp-json\/wp\/v2\/product_tag?post=26124"}],"curies":[{"name":"wp","href":"https:\/\/api.w.org\/{rel}","templated":true}]}}