{"id":22679,"date":"2023-05-26T11:25:44","date_gmt":"2023-05-26T12:17:57","guid":{"rendered":"https:\/\/www.miravila.com\/?post_type=product&#038;p=22679"},"modified":"2024-12-05T12:01:58","modified_gmt":"2024-12-05T11:01:58","slug":"umjetni-simsir-30cm-u-posudi-uv-otporan","status":"publish","type":"product","link":"https:\/\/www.miravila.com\/hr\/umjetni-simsir-30cm-u-posudi-uv-otporan\/","title":{"rendered":"Umjetni \u0161im\u0161ir 30cm u posudi UV OTPORAN"},"content":{"rendered":"","protected":false},"excerpt":{"rendered":"<p>Umjetni \u0161im\u0161ir 30cm u posudi UV OTPORAN<\/p>\n","protected":false},"featured_media":21685,"comment_status":"closed","ping_status":"closed","template":"","meta":[],"product_brand":[],"product_cat":[2949,2953,2950],"product_tag":[],"class_list":{"0":"post-22679","1":"product","2":"type-product","3":"status-publish","4":"has-post-thumbnail","6":"product_cat-umjetne-biljke","7":"product_cat-umjetni-simsir-buxusi","8":"product_cat-vanjske-umjetne-biljke","9":"pa_visina-2443","11":"first","12":"outofstock","13":"taxable","14":"shipping-taxable","15":"purchasable","16":"product-type-simple"},"_links":{"self":[{"href":"https:\/\/www.miravila.com\/hr\/wp-json\/wp\/v2\/product\/22679","targetHints":{"allow":["GET"]}}],"collection":[{"href":"https:\/\/www.miravila.com\/hr\/wp-json\/wp\/v2\/product"}],"about":[{"href":"https:\/\/www.miravila.com\/hr\/wp-json\/wp\/v2\/types\/product"}],"replies":[{"embeddable":true,"href":"https:\/\/www.miravila.com\/hr\/wp-json\/wp\/v2\/comments?post=22679"}],"wp:featuredmedia":[{"embeddable":true,"href":"https:\/\/www.miravila.com\/hr\/wp-json\/wp\/v2\/media\/21685"}],"wp:attachment":[{"href":"https:\/\/www.miravila.com\/hr\/wp-json\/wp\/v2\/media?parent=22679"}],"wp:term":[{"taxonomy":"product_brand","embeddable":true,"href":"https:\/\/www.miravila.com\/hr\/wp-json\/wp\/v2\/product_brand?post=22679"},{"taxonomy":"product_cat","embeddable":true,"href":"https:\/\/www.miravila.com\/hr\/wp-json\/wp\/v2\/product_cat?post=22679"},{"taxonomy":"product_tag","embeddable":true,"href":"https:\/\/www.miravila.com\/hr\/wp-json\/wp\/v2\/product_tag?post=22679"}],"curies":[{"name":"wp","href":"https:\/\/api.w.org\/{rel}","templated":true}]}}