{"id":18533,"date":"2023-04-06T08:09:16","date_gmt":"2023-04-06T06:09:16","guid":{"rendered":"https:\/\/www.miravila.com\/product\/umjetni-zeleni-biljni-zid-garden-mix-50x50cm-uv-resistant\/"},"modified":"2026-03-25T02:12:11","modified_gmt":"2026-03-25T01:12:11","slug":"umjetni-zeleni-biljni-zid-garden-mix-50x50cm-uv-resistant","status":"publish","type":"product","link":"https:\/\/www.miravila.com\/hr\/product\/umjetni-zeleni-biljni-zid-garden-mix-50x50cm-uv-resistant\/","title":{"rendered":"Umjetni zeleni zid GARDEN MIX"},"content":{"rendered":"<div class=\"row\"  id=\"row-284973675\">\r\n\r\n\n\t<div id=\"col-635936051\" class=\"col medium-6 small-12 large-6\"  >\n\t\t\t\t<div class=\"col-inner\"  >\n\t\t\t\n\t\t\t\r\n\r\n\n  <div class=\"banner has-hover\" id=\"banner-914398313\">\n          <div class=\"banner-inner fill\">\n        <div class=\"banner-bg fill\" >\n            <img loading=\"lazy\" decoding=\"async\" width=\"800\" height=\"600\" src=\"https:\/\/www.miravila.com\/wp-content\/uploads\/2023\/09\/zelena-stena-v-podjetju.jpg\" class=\"bg attachment-original size-original\" alt=\"zelena stena v podjetju\" title=\"\">                                    \n                    <\/div>\n\t\t\n        <div class=\"banner-layers container\">\n            <div class=\"fill banner-link\"><\/div>            \r\n\r\n        <\/div>\n      <\/div>\n\n            \n<style>\n#banner-914398313 {\n  padding-top: 300px;\n  background-color: rgba(255, 255, 255, 0);\n}\n#banner-914398313 .banner-bg img {\n  object-position: 77% 46%;\n}\n@media (min-width:550px) {\n  #banner-914398313 {\n    padding-top: 720px;\n  }\n}\n<\/style>\n  <\/div>\n\n\r\n\r\n\t\t<\/div>\n\t\t\t\t\t<\/div>\n\n\t\r\n\n\t<div id=\"col-717856665\" class=\"col medium-6 small-12 large-6\"  >\n\t\t\t\t<div class=\"col-inner text-center\"  >\n\t\t\t\n\t\t\t\r\n\r\nOvo inovativno rje\u0161enje donosi svje\u017einu prirode u Va\u0161 prostor bez potrebe za redovitim odr\u017eavanjem i brigom o biljkama.\r\n\r\nBilo da \u017eelite unutarnju opu\u0161taju\u0107u oazu ili vanjski ambijent s karakteristi\u010dnom elegancijom, ovaj proizvod \u0107e svakako privu\u0107i pa\u017enju i ostaviti nezaboravan dojam.\r\n\r\nO\u017eivite svoj unutarnji ili vanjski prostor i stvorite ugodnu atmosferu.\r\n\r\nDodat \u0107e da\u0161ak zelene prirode gdje god da ga postavite - na terasu, balkon ili u dnevni boravak.\r\n\r\nTako\u0111er mo\u017eete zaboraviti na stalno zalijevanje i orezivanje, sve te brige su otklonjene s umjetnim zelenim zidom.\r\n\r\nOtporan je na UV zrake i razli\u010dite vremenske uvjete, \u0161to zna\u010di da \u0107e ostati atraktivan i besprijekoran kroz sva godi\u0161nja doba.\r\n\r\n\t<div class=\"img has-hover x md-x lg-x y md-y lg-y\" id=\"image_233027190\">\n\t\t\t\t\t\t\t\t<div class=\"img-inner dark\" >\n\t\t\t<img loading=\"lazy\" decoding=\"async\" width=\"440\" height=\"287\" src=\"https:\/\/www.miravila.com\/wp-content\/uploads\/2023\/09\/promak-website-HR.png\" class=\"attachment-original size-original\" alt=\"\" srcset=\"https:\/\/www.miravila.com\/wp-content\/uploads\/2023\/09\/promak-website-HR.png 440w, https:\/\/www.miravila.com\/wp-content\/uploads\/2023\/09\/promak-website-HR-350x228.png 350w\" sizes=\"auto, (max-width: 440px) 100vw, 440px\" title=\"\">\t\t\t\t\t\t\n\t\t\t\t\t<\/div>\n\t\t\t\t\t\t\t\t\n<style>\n#image_233027190 {\n  width: 80%;\n}\n<\/style>\n\t<\/div>\n\t\r\n\r\n\t\t<\/div>\n\t\t\t\t\t<\/div>\n\n\t\r\n\r\n<\/div>\r\n\n\t<section class=\"section\" id=\"section_1240258100\">\n\t\t<div class=\"section-bg fill\" >\n\t\t\t\t\t\t\t\t\t\n\t\t\t\n\n\t\t<\/div>\n\n\t\t\n\n\t\t<div class=\"section-content relative\">\n\t\t\t\r\n\r\n<div class=\"row row-collapse\"  id=\"row-1924164260\">\r\n\r\n\n\t<div id=\"col-1714089007\" class=\"col medium-12 small-12 large-6\"  >\n\t\t\t\t<div class=\"col-inner\"  >\n\t\t\t\n\t\t\t\r\n\r\n\t<div id=\"text-2644969125\" class=\"text zeleni-text\">\n\t\t\r\n<h2>JEDNOSTAVNA INSTALACIJA<\/h2>\r\n\t\t\n<style>\n#text-2644969125 {\n  font-size: 1.3rem;\n  text-align: center;\n}\n<\/style>\n\t<\/div>\n\t\r\n\t<div id=\"text-1013956034\" class=\"text\">\n\t\t\r\n\r\nPravilna instalacija je klju\u010dna za o\u010duvanje estetike i funkcionalnosti umjetnih zelenih zidova.\r\n\t\t\n<style>\n#text-1013956034 {\n  text-align: center;\n}\n<\/style>\n\t<\/div>\n\t\r\n<div class=\"row row-collapse\"  id=\"row-177730573\">\r\n\r\n\n\t<div id=\"col-16123574\" class=\"col small-12 large-12\"  >\n\t\t\t\t<div class=\"col-inner\"  >\n\t\t\t\n\t<div class=\"is-border\"\n\t\tstyle=\"border-color:rgb(177, 188, 163);border-width:3px 3px 3px 3px;\">\n\t<\/div>\n\t\t\t\r\n\r\n\t<div id=\"text-321738064\" class=\"text zelene-stene-ol\">\n\t\t\r\n<ol>\r\n \t<li><span class=\"OYPEnA text-decoration-none text-strikethrough-none\">Izaberite zid na kojeg \u0107ete postaviti zelene panele.<\/span><\/li>\r\n \t<li><span class=\"OYPEnA text-decoration-none text-strikethrough-none\">Izmjerite \u0161irinu i visinu zida.<\/span><\/li>\r\n \t<li><span class=\"OYPEnA text-decoration-none text-strikethrough-none\">Pomo\u0107u klik sustava spojite vi\u0161e panela zajedno kako biste dobili \u017eeljenu veli\u010dinu, a po potrebi odre\u017eite vi\u0161ak klije\u0161tima.<\/span><\/li>\r\n \t<li><span class=\"OYPEnA text-decoration-none text-strikethrough-none\">Ovisno o vrsti podloge, koristite vijke ili \u010davle za pri\u010dvr\u0161\u0107ivanje panela na zid.<\/span><\/li>\r\n \t<li><span class=\"OYPEnA text-decoration-none text-strikethrough-none\">Na postavljene vijke ili \u010davle objesite zelene panele.<\/span><\/li>\r\n \t<li><span class=\"OYPEnA text-decoration-none text-strikethrough-none\">Za bolji 3D efekt, proizvoljno dodajte umjetne biljke u zeleni zid.<\/span><\/li>\r\n \t<li><span class=\"OYPEnA text-decoration-none text-strikethrough-none\">U\u017eivajte u Va\u0161oj novoj oazi!<\/span><\/li>\r\n<\/ol>\r\n\t\t\t<\/div>\n\t\r\n\r\n\t\t<\/div>\n\t\t\t\t\n<style>\n#col-16123574 > .col-inner {\n  padding: 20px 0px 20px 0px;\n  margin: 10px 0px 10px 0px;\n}\n@media (min-width:550px) {\n  #col-16123574 > .col-inner {\n    padding: 20px 20px 10px 0px;\n  }\n}\n<\/style>\n\t<\/div>\n\n\t\r\n\r\n\n<style>\n#row-177730573 > .col > .col-inner {\n  background-color: rgb(255, 255, 255);\n}\n<\/style>\n<\/div>\r\n\t<div id=\"text-3331079442\" class=\"text\">\n\t\t\r\n\r\nUmjetni zeleni zid mo\u017eete instalirati sami ili mo\u017eete anga\u017eirati stru\u010dnjaka.\r\n\t\t\n<style>\n#text-3331079442 {\n  text-align: center;\n}\n<\/style>\n\t<\/div>\n\t\r\n\r\n\t\t<\/div>\n\t\t\t\t\t<\/div>\n\n\t\r\n\n\t<div id=\"col-626556778\" class=\"col medium-12 small-12 large-6\"  >\n\t\t\t\t<div class=\"col-inner\"  >\n\t\t\t\n\t\t\t\r\n\r\n<div class=\"row\"  id=\"row-584448122\">\r\n\r\n\n\t<div id=\"col-505554099\" class=\"col medium-6 small-12 large-6\"  >\n\t\t\t\t<div class=\"col-inner\"  >\n\t\t\t\n\t\t\t\r\n\r\n\t<div class=\"img has-hover x md-x lg-x y md-y lg-y\" id=\"image_2010901606\">\n\t\t\t\t\t\t\t\t<div class=\"img-inner image-cover dark\" style=\"padding-top:100%;\">\n\t\t\t<img loading=\"lazy\" decoding=\"async\" width=\"600\" height=\"800\" src=\"https:\/\/www.miravila.com\/wp-content\/uploads\/2023\/09\/montaza-zelene-stene.jpg\" class=\"attachment-original size-original\" alt=\"monta\u017ea-zeleni-zidovi\" srcset=\"https:\/\/www.miravila.com\/wp-content\/uploads\/2023\/09\/montaza-zelene-stene.jpg 600w, https:\/\/www.miravila.com\/wp-content\/uploads\/2023\/09\/montaza-zelene-stene-300x400.jpg 300w, https:\/\/www.miravila.com\/wp-content\/uploads\/2023\/09\/montaza-zelene-stene-350x467.jpg 350w\" sizes=\"auto, (max-width: 600px) 100vw, 600px\" title=\"\">\t\t\t\t\t\t\n\t\t\t\t\t<\/div>\n\t\t\t\t\t\t\t\t\n<style>\n#image_2010901606 {\n  width: 100%;\n}\n<\/style>\n\t<\/div>\n\t\r\n\r\n\t\t<\/div>\n\t\t\t\t\t<\/div>\n\n\t\r\n\n\t<div id=\"col-308549027\" class=\"col medium-6 small-12 large-6\"  >\n\t\t\t\t<div class=\"col-inner\"  >\n\t\t\t\n\t\t\t\r\n\r\n\t<div class=\"img has-hover x md-x lg-x y md-y lg-y\" id=\"image_146332378\">\n\t\t\t\t\t\t\t\t<div class=\"img-inner image-cover dark\" style=\"padding-top:100%;\">\n\t\t\t<img loading=\"lazy\" decoding=\"async\" width=\"600\" height=\"800\" src=\"https:\/\/www.miravila.com\/wp-content\/uploads\/2023\/09\/montaza-zelene-stene-2.jpg\" class=\"attachment-original size-original\" alt=\"monta\u017ea-zeleni-zidovi-2\" srcset=\"https:\/\/www.miravila.com\/wp-content\/uploads\/2023\/09\/montaza-zelene-stene-2.jpg 600w, https:\/\/www.miravila.com\/wp-content\/uploads\/2023\/09\/montaza-zelene-stene-2-300x400.jpg 300w, https:\/\/www.miravila.com\/wp-content\/uploads\/2023\/09\/montaza-zelene-stene-2-350x467.jpg 350w\" sizes=\"auto, (max-width: 600px) 100vw, 600px\" title=\"\">\t\t\t\t\t\t\n\t\t\t\t\t<\/div>\n\t\t\t\t\t\t\t\t\n<style>\n#image_146332378 {\n  width: 100%;\n}\n<\/style>\n\t<\/div>\n\t\r\n\r\n\t\t<\/div>\n\t\t\t\t\t<\/div>\n\n\t\r\n\n\t<div id=\"col-2114242698\" class=\"col small-12 large-12\"  >\n\t\t\t\t<div class=\"col-inner\"  >\n\t\t\t\n\t\t\t\r\n\r\n<div class=\"video video-fit mb\" style=\"padding-top:75%;\"><p><iframe loading=\"lazy\" title=\"Zelene stene Promak\" width=\"1020\" height=\"574\" src=\"https:\/\/www.youtube.com\/embed\/PhhbKt2K_WA?feature=oembed\" frameborder=\"0\" allow=\"accelerometer; autoplay; clipboard-write; encrypted-media; gyroscope; picture-in-picture; web-share\" referrerpolicy=\"strict-origin-when-cross-origin\" allowfullscreen><\/iframe><\/p>\n<\/div>\r\n\r\n\t\t<\/div>\n\t\t\t\t\t<\/div>\n\n\t\r\n\r\n<\/div>\r\n\r\n\t\t<\/div>\n\t\t\t\t\t<\/div>\n\n\t\r\n\r\n\n<style>\n#row-1924164260 > .col > .col-inner {\n  padding: 20px 10px 0px 10px;\n}\n@media (min-width:550px) {\n  #row-1924164260 > .col > .col-inner {\n    padding: 20px 30px 0px 30px;\n  }\n}\n<\/style>\n<\/div>\r\n\r\n\t\t<\/div>\n\n\t\t\n<style>\n#section_1240258100 {\n  padding-top: 0px;\n  padding-bottom: 0px;\n  background-color: rgb(238, 239, 238);\n}\n@media (min-width:550px) {\n  #section_1240258100 {\n    padding-top: 0px;\n    padding-bottom: 0px;\n  }\n}\n<\/style>\n\t<\/section>\n\t\r\n<div class=\"row\"  id=\"row-1235922397\">\r\n\r\n\n\t<div id=\"col-1027549826\" class=\"col medium-7 small-12 large-7\"  >\n\t\t\t\t<div class=\"col-inner\"  >\n\t\t\t\n\t\t\t\r\n\r\n\t<div id=\"text-114016140\" class=\"text zeleni-text\">\n\t\t\r\n<h2>\u010cesta pitanja<\/h2>\r\n\t\t\n<style>\n#text-114016140 {\n  text-align: left;\n}\n<\/style>\n\t<\/div>\n\t\r\n<div class=\"accordion zelene-stene-faq\">\r\n\r\n\t<div id=\"accordion-765493008\" class=\"accordion-item\">\n\t\t<a id=\"accordion-765493008-label\" class=\"accordion-title plain\" href=\"#accordion-item-mogu-li-kod-vas-kupiti-vijke-i-\u010davle-za-monta\u017eu?\" aria-expanded=\"false\" aria-controls=\"accordion-765493008-content\">\n\t\t\t<button class=\"toggle\" aria-label=\"Toggle\"><i class=\"icon-angle-down\" aria-hidden=\"true\"><\/i><\/button>\n\t\t\t<span>Mogu li kod vas kupiti vijke i \u010davle za monta\u017eu?<\/span>\n\t\t<\/a>\n\t\t<div id=\"accordion-765493008-content\" class=\"accordion-inner\" aria-labelledby=\"accordion-765493008-label\">\n\t\t\t\r\n\r\nNe, materijal i alat mo\u017eete kupiti u specijaliziranim trgovinama za ku\u0107u i gra\u0111evinarstvo.\r\n\r\n\t\t<\/div>\n\t<\/div>\n\t\r\n\t<div id=\"accordion-261168463\" class=\"accordion-item\">\n\t\t<a id=\"accordion-261168463-label\" class=\"accordion-title plain\" href=\"#accordion-item-gdje-sve-mogu-postaviti-umjetni-zeleni-zid?\" aria-expanded=\"false\" aria-controls=\"accordion-261168463-content\">\n\t\t\t<button class=\"toggle\" aria-label=\"Toggle\"><i class=\"icon-angle-down\" aria-hidden=\"true\"><\/i><\/button>\n\t\t\t<span>Gdje sve mogu postaviti umjetni zeleni zid?<\/span>\n\t\t<\/a>\n\t\t<div id=\"accordion-261168463-content\" class=\"accordion-inner\" aria-labelledby=\"accordion-261168463-label\">\n\t\t\t\r\n\r\nMo\u017eete ga postaviti gotovo svugdje. Samo je potrebna stabilna povr\u0161ina u koju mo\u017eete zabiti \u010davle ili postaviti vijke.\r\n\r\n\t\t<\/div>\n\t<\/div>\n\t\r\n\t<div id=\"accordion-1603607459\" class=\"accordion-item\">\n\t\t<a id=\"accordion-1603607459-label\" class=\"accordion-title plain\" href=\"#accordion-item-koliko-te\u017ei-umjetni-zeleni-zid?\" aria-expanded=\"false\" aria-controls=\"accordion-1603607459-content\">\n\t\t\t<button class=\"toggle\" aria-label=\"Toggle\"><i class=\"icon-angle-down\" aria-hidden=\"true\"><\/i><\/button>\n\t\t\t<span>Koliko te\u017ei umjetni zeleni zid?<\/span>\n\t\t<\/a>\n\t\t<div id=\"accordion-1603607459-content\" class=\"accordion-inner\" aria-labelledby=\"accordion-1603607459-label\">\n\t\t\t\r\n\r\nU prosjeku panel veli\u010dine 50x50 cm te\u017ei 0,8 kg, dok panel veli\u010dine 100x100 cm te\u017ei 3,2 kg.\r\n\r\n\t\t<\/div>\n\t<\/div>\n\t\r\n\t<div id=\"accordion-2860071531\" class=\"accordion-item\">\n\t\t<a id=\"accordion-2860071531-label\" class=\"accordion-title plain\" href=\"#accordion-item-imaju-li-umjetni-zeleni-zidovi-uv-za\u0161titu?\" aria-expanded=\"false\" aria-controls=\"accordion-2860071531-content\">\n\t\t\t<button class=\"toggle\" aria-label=\"Toggle\"><i class=\"icon-angle-down\" aria-hidden=\"true\"><\/i><\/button>\n\t\t\t<span>Imaju li umjetni zeleni zidovi UV za\u0161titu?<\/span>\n\t\t<\/a>\n\t\t<div id=\"accordion-2860071531-content\" class=\"accordion-inner\" aria-labelledby=\"accordion-2860071531-label\">\n\t\t\t\r\n\r\nDa, svi na\u0161i zeleni zidovi su otporni na UV zrake, stoga su prikladni i za vanjsku monta\u017eu na balkonima, dvori\u0161tima i terasama.\r\n\r\n\t\t<\/div>\n\t<\/div>\n\t\r\n\t<div id=\"accordion-1310311944\" class=\"accordion-item\">\n\t\t<a id=\"accordion-1310311944-label\" class=\"accordion-title plain\" href=\"#accordion-item-kako-odr\u017eavati-i-\u010distiti-umjetni-zeleni-zid?\" aria-expanded=\"false\" aria-controls=\"accordion-1310311944-content\">\n\t\t\t<button class=\"toggle\" aria-label=\"Toggle\"><i class=\"icon-angle-down\" aria-hidden=\"true\"><\/i><\/button>\n\t\t\t<span>Kako odr\u017eavati i \u010distiti umjetni zeleni zid?<\/span>\n\t\t<\/a>\n\t\t<div id=\"accordion-1310311944-content\" class=\"accordion-inner\" aria-labelledby=\"accordion-1310311944-label\">\n\t\t\t\r\n\r\nUmjetni zeleni zidovi ne zahtijevaju posebno odr\u017eavanje, brigu ili zalijevanje.\r\n\r\nUmjetni zeleni zid u unutarnjem prostoru mo\u017eete povremeno o\u010distiti \u010detkom za pra\u0161inu, a zeleni zid na vanjskoj povr\u0161ini mo\u017eete isprati vrtnim crijevom.\r\n\r\n\t\t<\/div>\n\t<\/div>\n\t\r\n\r\n<\/div>\r\n\r\n\t\t<\/div>\n\t\t\t\t\n<style>\n#col-1027549826 > .col-inner {\n  padding: 30px 10px 10px 10px;\n}\n<\/style>\n\t<\/div>\n\n\t\r\n\n\t<div id=\"col-526177361\" class=\"col medium-5 small-12 large-5\"  >\n\t\t\t\t<div class=\"col-inner\"  >\n\t\t\t\n\t\t\t\r\n\r\n\t<div class=\"img has-hover x md-x lg-x y md-y lg-y\" id=\"image_849420116\">\n\t\t\t\t\t\t\t\t<div class=\"img-inner image-cover dark\" style=\"padding-top:100%;\">\n\t\t\t<img loading=\"lazy\" decoding=\"async\" width=\"1200\" height=\"1200\" src=\"https:\/\/www.miravila.com\/wp-content\/uploads\/2023\/09\/zelene-stene-1.jpg\" class=\"attachment-original size-original\" alt=\"zeleni-zidovi-1\" srcset=\"https:\/\/www.miravila.com\/wp-content\/uploads\/2023\/09\/zelene-stene-1.jpg 1200w, https:\/\/www.miravila.com\/wp-content\/uploads\/2023\/09\/zelene-stene-1-400x400.jpg 400w, https:\/\/www.miravila.com\/wp-content\/uploads\/2023\/09\/zelene-stene-1-800x800.jpg 800w, https:\/\/www.miravila.com\/wp-content\/uploads\/2023\/09\/zelene-stene-1-280x280.jpg 280w, https:\/\/www.miravila.com\/wp-content\/uploads\/2023\/09\/zelene-stene-1-768x768.jpg 768w, https:\/\/www.miravila.com\/wp-content\/uploads\/2023\/09\/zelene-stene-1-350x350.jpg 350w, https:\/\/www.miravila.com\/wp-content\/uploads\/2023\/09\/zelene-stene-1-600x600.jpg 600w, https:\/\/www.miravila.com\/wp-content\/uploads\/2023\/09\/zelene-stene-1-100x100.jpg 100w, https:\/\/www.miravila.com\/wp-content\/uploads\/2023\/09\/zelene-stene-1-32x32.jpg 32w\" sizes=\"auto, (max-width: 1200px) 100vw, 1200px\" title=\"\">\t\t\t\t\t\t\n\t\t\t\t\t<\/div>\n\t\t\t\t\t\t\t\t\n<style>\n#image_849420116 {\n  width: 100%;\n}\n<\/style>\n\t<\/div>\n\t\r\n\r\n\t\t<\/div>\n\t\t\t\t\n<style>\n#col-526177361 > .col-inner {\n  padding: 30px 10px 10px 10px;\n}\n<\/style>\n\t<\/div>\n\n\t\r\n\r\n<\/div>\r\n<div class=\"row align-equal\"  id=\"row-1558439428\">\r\n\r\n\n\t<div id=\"col-1395255241\" class=\"col small-12 large-12\"  >\n\t\t\t\t<div class=\"col-inner\"  >\n\t\t\t\n\t\t\t\r\n\r\n\t<div id=\"text-916849228\" class=\"text zeleni-text\">\n\t\t\r\n<h2 style=\"display: inline;\">Dojmovi<\/h2>\r\n<p style=\"display: inline; margin-left: 10px;\">Skupna ocena:<img decoding=\"async\" style=\"width: 75px; margin-left: 10px;\" src=\"https:\/\/www.miravila.com\/wp-content\/uploads\/2023\/09\/t.webp\" alt=\"\" title=\"\"><span style=\"margin-left: 5px;\">4,5<\/span><\/p>\r\n\t\t\n<style>\n#text-916849228 {\n  text-align: left;\n}\n<\/style>\n\t<\/div>\n\t\r\n\r\n\t\t<\/div>\n\t\t\t\t\t<\/div>\n\n\t\r\n\n\t<div id=\"col-80893536\" class=\"col medium-3 small-12 large-3\"  >\n\t\t\t\t<div class=\"col-inner\"  >\n\t\t\t\n\t<div class=\"is-border\"\n\t\tstyle=\"border-color:rgb(220, 220, 220);border-width:3px 3px 3px 3px;\">\n\t<\/div>\n\t\t\t\r\n\r\n<div class=\"row row-collapse\"  id=\"row-813909546\">\r\n\r\n\n\t<div id=\"col-140728622\" class=\"col medium-6 small-6 large-6\"  >\n\t\t\t\t<div class=\"col-inner\"  >\n\t\t\t\n\t\t\t\r\n<h4>Lara Z.<\/h4>\r\n\t\t<\/div>\n\t\t\t\t\t<\/div>\n\n\t\r\n\n\t<div id=\"col-420970659\" class=\"col medium-6 small-6 large-6\"  >\n\t\t\t\t<div class=\"col-inner text-right\"  >\n\t\t\t\n\t\t\t\r\n\r\n\t<div class=\"img has-hover x md-x lg-x y md-y lg-y\" id=\"image_575515337\">\n\t\t\t\t\t\t\t\t<div class=\"img-inner dark\" >\n\t\t\t<img loading=\"lazy\" decoding=\"async\" width=\"200\" height=\"32\" src=\"https:\/\/www.miravila.com\/wp-content\/uploads\/2023\/09\/t.png.webp\" class=\"attachment-large size-large\" alt=\"\" title=\"\">\t\t\t\t\t\t\n\t\t\t\t\t<\/div>\n\t\t\t\t\t\t\t\t\n<style>\n#image_575515337 {\n  width: 75%;\n}\n<\/style>\n\t<\/div>\n\t\r\n\r\n\t\t<\/div>\n\t\t\t\t\t<\/div>\n\n\t\r\n\n\t<div id=\"col-354799569\" class=\"col small-12 large-12\"  >\n\t\t\t\t<div class=\"col-inner\"  >\n\t\t\t\n\t<div class=\"is-border\"\n\t\tstyle=\"border-color:rgb(220, 220, 220);border-width:3px 0px 0px 0px;\">\n\t<\/div>\n\t\t\t\r\n\r\n\t<div id=\"text-2305968406\" class=\"text\">\n\t\t\r\n\r\nOdu\u0161evio me prirodni izgled umjetnog zelenog zida. Obogatio je moj interijer dodirom prirode, a ne moram brinuti oko odr\u017eavanja. Preporu\u010dujem!\r\n\t\t\n<style>\n#text-2305968406 {\n  text-align: center;\n}\n<\/style>\n\t<\/div>\n\t\r\n\r\n\t\t<\/div>\n\t\t\t\t\n<style>\n#col-354799569 > .col-inner {\n  padding: 10px 0px 0px 0px;\n}\n<\/style>\n\t<\/div>\n\n\t\r\n\r\n<\/div>\r\n\r\n\t\t<\/div>\n\t\t\t\t\n<style>\n#col-80893536 > .col-inner {\n  padding: 15px 15px 15px 15px;\n}\n<\/style>\n\t<\/div>\n\n\t\r\n\n\t<div id=\"col-2019287763\" class=\"col medium-3 small-12 large-3\"  >\n\t\t\t\t<div class=\"col-inner\"  >\n\t\t\t\n\t<div class=\"is-border\"\n\t\tstyle=\"border-color:rgb(220, 220, 220);border-width:3px 3px 3px 3px;\">\n\t<\/div>\n\t\t\t\r\n\r\n<div class=\"row row-collapse\"  id=\"row-1139336126\">\r\n\r\n\n\t<div id=\"col-1701634723\" class=\"col medium-6 small-6 large-6\"  >\n\t\t\t\t<div class=\"col-inner\"  >\n\t\t\t\n\t\t\t\r\n<h4>Uro\u0161 K.<\/h4>\r\n\t\t<\/div>\n\t\t\t\t\t<\/div>\n\n\t\r\n\n\t<div id=\"col-2108972532\" class=\"col medium-6 small-6 large-6\"  >\n\t\t\t\t<div class=\"col-inner text-right\"  >\n\t\t\t\n\t\t\t\r\n\r\n\t<div class=\"img has-hover x md-x lg-x y md-y lg-y\" id=\"image_1942709867\">\n\t\t\t\t\t\t\t\t<div class=\"img-inner dark\" >\n\t\t\t<img loading=\"lazy\" decoding=\"async\" width=\"200\" height=\"34\" src=\"https:\/\/www.miravila.com\/wp-content\/uploads\/2023\/09\/t.webp\" class=\"attachment-large size-large\" alt=\"\" title=\"\">\t\t\t\t\t\t\n\t\t\t\t\t<\/div>\n\t\t\t\t\t\t\t\t\n<style>\n#image_1942709867 {\n  width: 75%;\n}\n<\/style>\n\t<\/div>\n\t\r\n\r\n\t\t<\/div>\n\t\t\t\t\t<\/div>\n\n\t\r\n\n\t<div id=\"col-549223860\" class=\"col small-12 large-12\"  >\n\t\t\t\t<div class=\"col-inner\"  >\n\t\t\t\n\t<div class=\"is-border\"\n\t\tstyle=\"border-color:rgb(220, 220, 220);border-width:3px 0px 0px 0px;\">\n\t<\/div>\n\t\t\t\r\n\r\n\t<div id=\"text-3460071543\" class=\"text\">\n\t\t\r\n\r\nNa po\u010detku sam bio skepti\u010dan, ali kvaliteta umjetnog zelenog zida koji sam kupio nadma\u0161ila je moja o\u010dekivanja. Teksture i boje su nevjerojatno realisti\u010dne.\r\n\t\t\n<style>\n#text-3460071543 {\n  text-align: center;\n}\n<\/style>\n\t<\/div>\n\t\r\n\r\n\t\t<\/div>\n\t\t\t\t\n<style>\n#col-549223860 > .col-inner {\n  padding: 10px 0px 0px 0px;\n}\n<\/style>\n\t<\/div>\n\n\t\r\n\r\n<\/div>\r\n\r\n\t\t<\/div>\n\t\t\t\t\n<style>\n#col-2019287763 > .col-inner {\n  padding: 15px 15px 15px 15px;\n}\n<\/style>\n\t<\/div>\n\n\t\r\n\n\t<div id=\"col-1213267833\" class=\"col medium-3 small-12 large-3\"  >\n\t\t\t\t<div class=\"col-inner\"  >\n\t\t\t\n\t<div class=\"is-border\"\n\t\tstyle=\"border-color:rgb(220, 220, 220);border-width:3px 3px 3px 3px;\">\n\t<\/div>\n\t\t\t\r\n\r\n<div class=\"row row-collapse\"  id=\"row-2066612070\">\r\n\r\n\n\t<div id=\"col-1932263135\" class=\"col medium-6 small-6 large-6\"  >\n\t\t\t\t<div class=\"col-inner\"  >\n\t\t\t\n\t\t\t\r\n<h4>Ma\u0161a B.<\/h4>\r\n\t\t<\/div>\n\t\t\t\t\t<\/div>\n\n\t\r\n\n\t<div id=\"col-2013228626\" class=\"col medium-6 small-6 large-6\"  >\n\t\t\t\t<div class=\"col-inner text-right\"  >\n\t\t\t\n\t\t\t\r\n\r\n\t<div class=\"img has-hover x md-x lg-x y md-y lg-y\" id=\"image_328065305\">\n\t\t\t\t\t\t\t\t<div class=\"img-inner dark\" >\n\t\t\t<img loading=\"lazy\" decoding=\"async\" width=\"200\" height=\"32\" src=\"https:\/\/www.miravila.com\/wp-content\/uploads\/2023\/09\/t.png.webp\" class=\"attachment-large size-large\" alt=\"\" title=\"\">\t\t\t\t\t\t\n\t\t\t\t\t<\/div>\n\t\t\t\t\t\t\t\t\n<style>\n#image_328065305 {\n  width: 75%;\n}\n<\/style>\n\t<\/div>\n\t\r\n\r\n\t\t<\/div>\n\t\t\t\t\t<\/div>\n\n\t\r\n\n\t<div id=\"col-482662675\" class=\"col small-12 large-12\"  >\n\t\t\t\t<div class=\"col-inner\"  >\n\t\t\t\n\t<div class=\"is-border\"\n\t\tstyle=\"border-color:rgb(220, 220, 220);border-width:3px 0px 0px 0px;\">\n\t<\/div>\n\t\t\t\r\n\r\n\t<div id=\"text-2197370339\" class=\"text\">\n\t\t\r\n\r\nVrhunska kvaliteta u usporedbi s drugim zelenim zidovima, a sve po razumnoj cijeni.\r\nPreporu\u010dujem kupnju.\r\n\t\t\n<style>\n#text-2197370339 {\n  text-align: center;\n}\n<\/style>\n\t<\/div>\n\t\r\n\r\n\t\t<\/div>\n\t\t\t\t\n<style>\n#col-482662675 > .col-inner {\n  padding: 10px 0px 0px 0px;\n}\n<\/style>\n\t<\/div>\n\n\t\r\n\r\n<\/div>\r\n\r\n\t\t<\/div>\n\t\t\t\t\n<style>\n#col-1213267833 > .col-inner {\n  padding: 15px 15px 15px 15px;\n}\n<\/style>\n\t<\/div>\n\n\t\r\n\n\t<div id=\"col-253838516\" class=\"col medium-3 small-12 large-3\"  >\n\t\t\t\t<div class=\"col-inner\"  >\n\t\t\t\n\t<div class=\"is-border\"\n\t\tstyle=\"border-color:rgb(220, 220, 220);border-width:3px 3px 3px 3px;\">\n\t<\/div>\n\t\t\t\r\n\r\n<div class=\"row row-collapse\"  id=\"row-1693849571\">\r\n\r\n\n\t<div id=\"col-982709770\" class=\"col medium-6 small-6 large-6\"  >\n\t\t\t\t<div class=\"col-inner\"  >\n\t\t\t\n\t\t\t\r\n<h4>Jasna \u017d.<\/h4>\r\n\t\t<\/div>\n\t\t\t\t\t<\/div>\n\n\t\r\n\n\t<div id=\"col-39878788\" class=\"col medium-6 small-6 large-6\"  >\n\t\t\t\t<div class=\"col-inner text-right\"  >\n\t\t\t\n\t\t\t\r\n\r\n\t<div class=\"img has-hover x md-x lg-x y md-y lg-y\" id=\"image_1679398657\">\n\t\t\t\t\t\t\t\t<div class=\"img-inner dark\" >\n\t\t\t<img loading=\"lazy\" decoding=\"async\" width=\"200\" height=\"34\" src=\"https:\/\/www.miravila.com\/wp-content\/uploads\/2023\/09\/t-1.webp\" class=\"attachment-large size-large\" alt=\"\" title=\"\">\t\t\t\t\t\t\n\t\t\t\t\t<\/div>\n\t\t\t\t\t\t\t\t\n<style>\n#image_1679398657 {\n  width: 75%;\n}\n<\/style>\n\t<\/div>\n\t\r\n\r\n\t\t<\/div>\n\t\t\t\t\t<\/div>\n\n\t\r\n\n\t<div id=\"col-68449431\" class=\"col small-12 large-12\"  >\n\t\t\t\t<div class=\"col-inner\"  >\n\t\t\t\n\t<div class=\"is-border\"\n\t\tstyle=\"border-color:rgb(220, 220, 220);border-width:3px 0px 0px 0px;\">\n\t<\/div>\n\t\t\t\r\n\r\n\t<div id=\"text-1967460448\" class=\"text\">\n\t\t\r\n\r\nVrlo sam zadovoljna s kupnjom, ali nisam znala da mo\u017eete dodati i umjetne biljke kako bi zid izgledao puniji, pa sam morala ponovno naru\u010diti i to. No, paket je stigao vrlo brzo.\r\n\t\t\n<style>\n#text-1967460448 {\n  text-align: center;\n}\n<\/style>\n\t<\/div>\n\t\r\n\r\n\t\t<\/div>\n\t\t\t\t\n<style>\n#col-68449431 > .col-inner {\n  padding: 10px 0px 0px 0px;\n}\n<\/style>\n\t<\/div>\n\n\t\r\n\r\n<\/div>\r\n\r\n\t\t<\/div>\n\t\t\t\t\n<style>\n#col-253838516 > .col-inner {\n  padding: 15px 15px 15px 15px;\n}\n<\/style>\n\t<\/div>\n\n\t\r\n\r\n<\/div>\r\n\r\n\r\n<script>jQuery('.product_cat-zeleni-zidovi .product-gallery-slider').addClass('uv-badge uv-badge-product badge-hr');<\/script>\r\n\n","protected":false},"excerpt":{"rendered":"<p>UV-otporan <strong>GARDEN MIX 50&#215;50 cm<\/strong> je izdr\u017eljiv i svestran zidni panel pogodan za unutarnju i vanjsku upotrebu. Izra\u0111en od materijala otpornih na UV zra\u010denje, jednostavan je za postavljanje i stvara zadivljuju\u0107i zeleni zid.<\/p>\n<p>SKU: 23P056<\/p>\n","protected":false},"featured_media":22907,"comment_status":"closed","ping_status":"closed","template":"","meta":[],"product_brand":[],"product_cat":[2919],"product_tag":[],"class_list":{"0":"post-18533","1":"product","2":"type-product","3":"status-publish","4":"has-post-thumbnail","6":"product_cat-zeleni-zidovi","7":"pa_sirina-2442","8":"pa_velikost-50x50cm","9":"pa_visina-2449","11":"first","12":"instock","13":"taxable","14":"shipping-taxable","15":"purchasable","16":"product-type-simple"},"_links":{"self":[{"href":"https:\/\/www.miravila.com\/hr\/wp-json\/wp\/v2\/product\/18533","targetHints":{"allow":["GET"]}}],"collection":[{"href":"https:\/\/www.miravila.com\/hr\/wp-json\/wp\/v2\/product"}],"about":[{"href":"https:\/\/www.miravila.com\/hr\/wp-json\/wp\/v2\/types\/product"}],"replies":[{"embeddable":true,"href":"https:\/\/www.miravila.com\/hr\/wp-json\/wp\/v2\/comments?post=18533"}],"wp:featuredmedia":[{"embeddable":true,"href":"https:\/\/www.miravila.com\/hr\/wp-json\/wp\/v2\/media\/22907"}],"wp:attachment":[{"href":"https:\/\/www.miravila.com\/hr\/wp-json\/wp\/v2\/media?parent=18533"}],"wp:term":[{"taxonomy":"product_brand","embeddable":true,"href":"https:\/\/www.miravila.com\/hr\/wp-json\/wp\/v2\/product_brand?post=18533"},{"taxonomy":"product_cat","embeddable":true,"href":"https:\/\/www.miravila.com\/hr\/wp-json\/wp\/v2\/product_cat?post=18533"},{"taxonomy":"product_tag","embeddable":true,"href":"https:\/\/www.miravila.com\/hr\/wp-json\/wp\/v2\/product_tag?post=18533"}],"curies":[{"name":"wp","href":"https:\/\/api.w.org\/{rel}","templated":true}]}}