{"id":753,"date":"2020-02-03T07:35:52","date_gmt":"2020-02-03T06:35:52","guid":{"rendered":"https:\/\/www.miravila.com\/?page_id=753"},"modified":"2023-01-01T19:06:48","modified_gmt":"2023-01-01T18:06:48","slug":"zastita-osobnih-podataka","status":"publish","type":"page","link":"https:\/\/www.miravila.com\/hr\/zastita-osobnih-podataka\/","title":{"rendered":"Za\u0161tita osobnih podataka"},"content":{"rendered":"\n<div class=\"row\"  id=\"row-672125314\">\n\n\n\t<div id=\"col-1168737656\" class=\"col small-12 large-12\"  >\n\t\t\t\t<div class=\"col-inner\"  >\n\t\t\t\n\t\t\t\n\n<h1 style=\"text-align: center;\">ZA\u0160TITA OSOBNIH PODATAKA<\/h1>\n<div class=\"text-center\"><div class=\"is-divider divider clearfix\" style=\"background-color:rgb(2, 131, 2);\"><\/div><\/div>\n\n<h3>Pravila o privatnosti i izjava o privatnosti<\/h3>\n<p>Kontrolor osobnih podataka, kako je definiran u Op\u0107oj regulativi EU-a o za\u0161titi podataka (GDPR) i u Aplikativnom kodeksu, koji regulira za\u0161titu osobnih podataka, je:<\/p>\n<p>Hiperion Gh d.o.o. (online trgovina Miravila.com)<br \/>Hladilni\u0161ka pot 42<br \/>1000 Ljubljana<br \/>Slovenia<\/p>\n<p>Hiperion Gh d.o.o. (online trgovina Miravila.com) portal manad\u017eer, obvezuje se pohranjivati i obra\u0111ivati dobivene osobne podatke u skladu s propisima GDPR Slovenije (Zakon o za\u0161titi osobnih podataka).<\/p>\n<h3>Prikupljanje osobnih podataka<\/h3>\n<p>Osobni podaci se dobivaju na sljede\u0107e na\u010dine:<\/p>\n<ul>\n<li>Kada naru\u010dujete proizvode u internetskoj trgovini.\u0111<\/li>\n<li>Kada registrirate korisni\u010dki ra\u010dun.<\/li>\n<li>Putem telefonske komunikacije s kupcem.<\/li>\n<li>U osobnoj komunikaciji s klijentom.<\/li>\n<li>Komunikacijom s klijentom putem e-po\u0161te.<\/li>\n<\/ul>\n<h3>Koje podatke prikupljamo?<\/h3>\n<p>Za svrhu pru\u017eanja usluga, Hiperion Gh d.o.o. (online trgovina Miravila.com) prikuplja, procesuira i pohranjuje slijede\u0107e podatke:<\/p>\n<ul>\n<li>Ime i prezime,<\/li>\n<li>adresu,<\/li>\n<li>e-mail adresu,<\/li>\n<li>korisni\u010dko ime,<\/li>\n<li>lozinku u enkripcijskoj formi,<\/li>\n<li>broj telefona,<\/li>\n<li>ostale informacije koje \u0107ete samovoljno unijeti u formu na\u00a0 online trgovini Miravila.com<\/li>\n<\/ul>\n<p>Kontaktne informacije koje nam dostavite prilikom ispunjavanja ili podno\u0161enja narud\u017ebe\/zahtjeva\/registracije potrebne su za obradu va\u0161e narud\u017ebe i komunikaciju s vama. U slu\u010daju da nam ne date gore navedene podatke za kontakt, ne\u0107emo mo\u0107i obraditi va\u0161u narud\u017ebu. Tvrtka Hiperion Gh. nije odgovorna za to\u010dnost podataka koje unesete kao korisnik na\u0161e web-lokacije.<\/p>\n<h3>Svrha prikupljanja i obrade osobnih podataka<\/h3>\n<p><strong>Kupovina na online trgovini:<br \/><\/strong>Koristimo osobne podatke za obradu va\u0161e narud\u017ebe. Podatke koristimo za izdavanje ra\u010duna i obradu isporuke. Unesene podatke ne koristimo bez va\u0161eg pristanka u budu\u0107nosti.<\/p>\n<p><strong>Korisni\u010dki ra\u010dun:<\/strong><br \/>U korisni\u010dkom ra\u010dunu pohranjujemo osobne podatke za koje dobivamo prethodnu suglasnost korisnika. Osobne podatke korisnici mogu izbrisati u bilo kojem trenutku.<\/p>\n<p><strong>E-mail:<br \/><\/strong>Osobne podatke koristimo za obradu kontakta e-po\u0161te. Ulazne podatke ne koristimo bez va\u0161eg pristanka u budu\u0107nosti.<\/p>\n<h3>Dijeljenje osobnih podataka<\/h3>\n<p>Osobne podatke upu\u0107uje autoritetima za provedbu zakona i drugim vladinim agencijama, prema potrebi, prema zakonu koji je potreban za sprje\u010davanje, otkrivanje i procesuiranje kaznenih djela i prijevare. Mi ne \u017eelimo otkriti va\u0161e informacije neovla\u0161tenim osobama za sve druge namjene.<\/p>\n<h3>Va\u0161a prava<\/h3>\n<p>U skladu s odredbama General Data ProtectionRegulation (GDPR), imate pravo na:<\/p>\n<ul>\n<li>Pristup va\u0161im osobnim podacima i kopiranje istih.<\/li>\n<li>Popuniti ili ispraviti va\u0161e osobne podatke ako su nepotpuni ili neto\u010dni.<\/li>\n<li>Da biste izbrisali svoje osobne podatke, posebno ako oni vi\u0161e nisu potrebni u svrhu za koju su prikupljeni, ako su obra\u0111eni na nezakonit na\u010din ili nisu obra\u0111eni na temelju va\u0161eg pristanka, opozvali ste pristanak i nema drugih pravna osnova za njihovu obradu.<\/li>\n<li>Ograni\u010diti obradu va\u0161ih osobnih podataka, posebice ako izuzmete to\u010dnost (u razdoblju koje nam omogu\u0107uje provjeru to\u010dnosti va\u0161ih osobnih podataka); ako je obrada nezakonita, protivi se brisanju va\u0161ih osobnih podataka; ako je istekao rok za pohranjivanje podataka, trebaju vam za izvr\u0161enje zakonskih zahtjeva.<\/li>\n<\/ul>\n<p>U svakom trenutku mo\u017eete otkazati pristanak na obavijesti. Prilikom ostvarivanja svih svojih prava ili dobivanja daljnjih informacija, molimo kontaktirajte slu\u017ebenika za za\u0161titu podataka, koji vam je dostupan na e-mail adresi:info@miravila.com. Va\u0161a \u0107e prijava biti razmotrena te \u0107e vam biti odgovoreno u skladu s GDPR odredbom.<\/p>\n<p>Ako smatrate da su Va\u0161a prava ili propisi o za\u0161titi osobnih podataka povrije\u0111eni, mo\u017eete se \u017ealiti nadle\u017enom nacionalnom tijelu: Poverenstvu za informacije Republike Slovenije (Zalo\u0161ka 59, 1000 Ljubljana, tel: 01 230 97 30, fax: 01 230 97 78, e-mail: gp.ip@iprs.si).<\/p>\n<h3>Razdoblje \u010duvanja osobnih podataka<\/h3>\n<p>Ako imate izri\u010ditu suglasnost za procesuriranje, razdoblje \u010duvanja je: do otkazivanja.<\/p>\n<p>Pravna obrada iz \u010dlanka 6b. GDPR &#8211; obrada je potrebna za provedbu ugovora (razdoblje \u010duvanja: 10 godina), ili za provedbu mjera na zahtjev pojedinca prije sklapanja ugovora (razdoblje \u010duvanja: 5 godina) .<\/p>\n\n\t\t<\/div>\n\t\t\t\t\t<\/div>\n\n\t\n\n<\/div>\n\n","protected":false},"excerpt":{"rendered":"","protected":false},"author":1,"featured_media":0,"parent":0,"menu_order":0,"comment_status":"closed","ping_status":"closed","template":"","meta":{"footnotes":""},"class_list":["post-753","page","type-page","status-publish","hentry"],"_links":{"self":[{"href":"https:\/\/www.miravila.com\/hr\/wp-json\/wp\/v2\/pages\/753","targetHints":{"allow":["GET"]}}],"collection":[{"href":"https:\/\/www.miravila.com\/hr\/wp-json\/wp\/v2\/pages"}],"about":[{"href":"https:\/\/www.miravila.com\/hr\/wp-json\/wp\/v2\/types\/page"}],"author":[{"embeddable":true,"href":"https:\/\/www.miravila.com\/hr\/wp-json\/wp\/v2\/users\/1"}],"replies":[{"embeddable":true,"href":"https:\/\/www.miravila.com\/hr\/wp-json\/wp\/v2\/comments?post=753"}],"version-history":[{"count":0,"href":"https:\/\/www.miravila.com\/hr\/wp-json\/wp\/v2\/pages\/753\/revisions"}],"wp:attachment":[{"href":"https:\/\/www.miravila.com\/hr\/wp-json\/wp\/v2\/media?parent=753"}],"curies":[{"name":"wp","href":"https:\/\/api.w.org\/{rel}","templated":true}]}}